{"id":671,"date":"2017-12-30T20:51:29","date_gmt":"2017-12-30T20:51:29","guid":{"rendered":"http:\/\/koerperwerkstattberlin.de\/?page_id=671"},"modified":"2018-03-24T10:33:14","modified_gmt":"2018-03-24T10:33:14","slug":"injury-recovery","status":"publish","type":"page","link":"https:\/\/koerperwerkstattberlin.de\/de\/at-home\/injury-recovery\/","title":{"rendered":"Verletzungsreha"},"content":{"rendered":"<p>Gleichg\u00fcltig ob eine Verletzung behandelt werden soll oder physiotherapeutische Methoden angewendet werden sollen, um die Gesundheit zu verbessern. Wir k\u00f6nnen beides, auch bei Ihnen zu Hause. Unser Draht zur Universit\u00e4t Potsdam hilft uns die neuesten Informationen zu Verletzungsrehabilitation und zur Gesundheitsverbesserung zu haben. Unsere Expertise liegt in R\u00fccken- und Wirbels\u00e4ulenproblemen, Rehabilitation und Vorbeugung von Sportverletzungen, sowie Behandlung von Problemen des Nervensystems.<\/p>\n<h4>Physiotherapeutische Behandlung<\/h4>\n<p>Sollte es aus irgendeinem Grund nicht einfach sein das Haus zu verlassen um zur Physiotherapie zu gehen, l\u00f6sen wir das Problem indem wir zu Ihnen nach Hause kommen. Wir nutzen viele verschiedene Methoden, wie die Nutzung von W\u00e4rme, K\u00e4lte, Massagen, Widerstandsb\u00e4ndern, Gewichten und dem eigene K\u00f6rpergewicht f\u00fcr bestimmte \u00dcbungen. Unser Fokus liegt auf Muskeln, Sehnen und B\u00e4ndern um die effektivste Behandlungsmethode anzubieten.<\/p>\n<h4>Dehn\u00fcbungen<\/h4>\n<p>Dehnen ist ein wichtiger Bestandteil der Verletzungsrehabilitation. Mit den richtigen Dehn\u00fcbungen kann der Heilungsprozess beschleunigt werden. Zu den Dehnmethoden geh\u00f6ren das statische Dehnen, das dynamische Dehnen, &#8222;Muscle Energy Techniques&#8220; und Propriozeptive Neuromuskul\u00e4re Fazilitation (PNF). PNF ist eine Dehnmethode, die Muskelkontraktionen in die Dehn\u00fcbung integriert. Diese Methode dehnt nicht nur bestimmte Muskelgruppen effektiv, sondern erh\u00f6ht die Kraft in den Muskeln und die Flexibilit\u00e4t in den Gelenken. Dehn\u00fcbungen haben den weiteren Vorteil, dass sie gleichzeitig als Pr\u00e4vention gegen Verletzungen fungieren.<\/p>\n<p><a href=\"\/contact-us\/\">&gt;Angebot anfordern<\/a><\/p>\n<p><a href=\"\/prices\/\">&gt;Preisliste<\/a><\/p>\n","protected":false},"excerpt":{"rendered":"<p> \u2026<\/p>\n","protected":false},"author":1,"featured_media":0,"parent":59,"menu_order":3,"comment_status":"closed","ping_status":"closed","template":"","meta":{"footnotes":""},"translation":{"provider":"WPGlobus","version":"2.12.2","language":"de","enabled_languages":["en","de"],"languages":{"en":{"title":true,"content":true,"excerpt":false},"de":{"title":true,"content":true,"excerpt":false}}},"_links":{"self":[{"href":"https:\/\/koerperwerkstattberlin.de\/de\/wp-json\/wp\/v2\/pages\/671"}],"collection":[{"href":"https:\/\/koerperwerkstattberlin.de\/de\/wp-json\/wp\/v2\/pages"}],"about":[{"href":"https:\/\/koerperwerkstattberlin.de\/de\/wp-json\/wp\/v2\/types\/page"}],"author":[{"embeddable":true,"href":"https:\/\/koerperwerkstattberlin.de\/de\/wp-json\/wp\/v2\/users\/1"}],"replies":[{"embeddable":true,"href":"https:\/\/koerperwerkstattberlin.de\/de\/wp-json\/wp\/v2\/comments?post=671"}],"version-history":[{"count":21,"href":"https:\/\/koerperwerkstattberlin.de\/de\/wp-json\/wp\/v2\/pages\/671\/revisions"}],"predecessor-version":[{"id":1902,"href":"https:\/\/koerperwerkstattberlin.de\/de\/wp-json\/wp\/v2\/pages\/671\/revisions\/1902"}],"up":[{"embeddable":true,"href":"https:\/\/koerperwerkstattberlin.de\/de\/wp-json\/wp\/v2\/pages\/59"}],"wp:attachment":[{"href":"https:\/\/koerperwerkstattberlin.de\/de\/wp-json\/wp\/v2\/media?parent=671"}],"curies":[{"name":"wp","href":"https:\/\/api.w.org\/{rel}","templated":true}]}}