{"id":55,"date":"2017-03-07T11:05:52","date_gmt":"2017-03-07T11:05:52","guid":{"rendered":"http:\/\/koerperwerkstattberlin.de\/?page_id=55"},"modified":"2018-03-24T21:48:00","modified_gmt":"2018-03-24T21:48:00","slug":"at-work","status":"publish","type":"page","link":"https:\/\/koerperwerkstattberlin.de\/de\/at-work\/","title":{"rendered":"Auf Arbeit"},"content":{"rendered":"<h4>B\u00fcromassagen<b><br \/>\n<\/b><\/h4>\n<p>Buchen Sie unsere B\u00fcromassagen f\u00fcr Ihre Mitarbeiter, um deren Wohlbefinden zu steigern, langfristige R\u00fcckenbeschwerden vorzubeugen und gleichzeitig auch die Arbeitsatmosph\u00e4re in Ihrem B\u00fcro zu verbessern. Wir geben Ihnen so viel Freiheit wie m\u00f6glich: Sie bestimmen wie oft wir zu Ihnen kommen sollen,wie lange die Massagen andauern sollen und Sie bestimmen ob Liege oder Massagestuhl.<\/p>\n<p>Was uns besonders macht, sind nicht nur unsere hochqualifizierten Therapeuten, sondern auch den Service, den wir anbieten: bei unserem ersten Besuch wird von jeder Person ein Anamnesebogen ausgef\u00fcllt und die Beschwerden dokumentiert. Nach jeder Massage werden Notizen erstellt, um festzuhalten was gemacht wurde und wie sich die Beschwerden im Laufe der Zeit entwickeln. Mehr Informationen zu unseren B\u00fcromassagen, sowie deren Kosten, finden Sie auf unserer <a href=\"\/de\/at-work\/massage-days\/\">&gt;<b>B\u00fcromassagen<\/b><\/a><b> <\/b>Seite.<\/p>\n<h4>Firmensport<\/h4>\n<p>Firmen, die wissen wie wichtig Sport in der Firma, nicht nur f\u00fcr die Gesundheit der Mitarbeiter, sondern auch f\u00fcr das Unternehmen sein kann, k\u00f6nnen unsere Yoga- und\/oder Pilates-Kurse buchen. Diese sind speziell f\u00fcr B\u00fcroangestellte konzipiert, um langfristige Probleme vorzubeugen und den Spa\u00df in der Firma zu steigern.<\/p>\n<p>Unsere Trainer bieten Yoga- und Pilates-Kurse an, auch als R\u00fcckenschule. Der Fokus liegt auf Pr\u00e4vention. Die Gruppen k\u00f6nnen bis zu 20 Personen gro\u00df sein. Alles was von Ihnen ben\u00f6tigt wird ist eine Matte und ein Raum, der gro\u00df genug f\u00fcr alle Teilnehmer ist. Den Rest bringen wir mit. Mehr Infos \u00fcber unseren Firmensport, sowie deren Kosten, finden Sie auf unserer <a href=\"\/de\/at-work\/office-fitness\/\">&gt;Firmensport<\/a> Seite.<\/p>\n<h4>Ergonomieberatung<\/h4>\n<p>Ein weiteres Thema, womit sich die B\u00fcros der Gegenwart und Zukunft befassen sollten, ist die Ergonomie der M\u00f6bel f\u00fcr die Mitarbeiter. Da ungef\u00e4hr ein Drittel des Tages auf Arbeit verbracht wird, ist es enorm wichtig, dass die M\u00f6bel dem Mitarbeiter angepasst sind, um somit Beschwerden vorzubeugen, welche sich im Laufe der Zeit zu schlimmeren Problemen entwickeln k\u00f6nnten.<\/p>\n<p>Unsere Ergotherapeutin, die sich auf B\u00fcroergonomie spezialisiert hat, kommt zu Ihnen ins B\u00fcro und analysiert den Arbeitsplatz jeder einzelnen Person. Die Stuhlh\u00f6he wird richtig eingestellt, die Augenh\u00f6he f\u00fcr den Bildschirm wird korrigiert,\u00a0 der Armwinkel f\u00fcr die korrekte Nutzung der Maus wird gefunden und selbstverst\u00e4ndlich wird Ihnen auch gezeigt, wie die richtige Sitzhaltung aussieht, um R\u00fcckenbeschwerden vorzubeugen. Mehr Infos \u00fcber unsere Ergonomieberatung finden Sie auf unserer <a href=\"\/de\/at-work\/ergonomic-consulting\/\">&gt;Ergonomieberatung<\/a> Seite.<\/p>\n<h4><a href=\"\/contact-us\/mobile-services\/\">&gt;Termin buchen<\/a><\/h4>\n","protected":false},"excerpt":{"rendered":"<p> \u2026<\/p>\n","protected":false},"author":1,"featured_media":0,"parent":0,"menu_order":3,"comment_status":"closed","ping_status":"closed","template":"","meta":{"footnotes":""},"translation":{"provider":"WPGlobus","version":"2.12.2","language":"de","enabled_languages":["en","de"],"languages":{"en":{"title":true,"content":true,"excerpt":false},"de":{"title":true,"content":true,"excerpt":false}}},"_links":{"self":[{"href":"https:\/\/koerperwerkstattberlin.de\/de\/wp-json\/wp\/v2\/pages\/55"}],"collection":[{"href":"https:\/\/koerperwerkstattberlin.de\/de\/wp-json\/wp\/v2\/pages"}],"about":[{"href":"https:\/\/koerperwerkstattberlin.de\/de\/wp-json\/wp\/v2\/types\/page"}],"author":[{"embeddable":true,"href":"https:\/\/koerperwerkstattberlin.de\/de\/wp-json\/wp\/v2\/users\/1"}],"replies":[{"embeddable":true,"href":"https:\/\/koerperwerkstattberlin.de\/de\/wp-json\/wp\/v2\/comments?post=55"}],"version-history":[{"count":26,"href":"https:\/\/koerperwerkstattberlin.de\/de\/wp-json\/wp\/v2\/pages\/55\/revisions"}],"predecessor-version":[{"id":1913,"href":"https:\/\/koerperwerkstattberlin.de\/de\/wp-json\/wp\/v2\/pages\/55\/revisions\/1913"}],"wp:attachment":[{"href":"https:\/\/koerperwerkstattberlin.de\/de\/wp-json\/wp\/v2\/media?parent=55"}],"curies":[{"name":"wp","href":"https:\/\/api.w.org\/{rel}","templated":true}]}}