{"id":53,"date":"2017-03-07T11:05:41","date_gmt":"2017-03-07T11:05:41","guid":{"rendered":"http:\/\/koerperwerkstattberlin.de\/?page_id=53"},"modified":"2018-03-24T21:46:05","modified_gmt":"2018-03-24T21:46:05","slug":"feel-better","status":"publish","type":"page","link":"https:\/\/koerperwerkstattberlin.de\/de\/feel-better\/","title":{"rendered":"Besser F\u00fchlen"},"content":{"rendered":"<p>Es ist einfach zu vergessen, wie gut man sich eigentlich f\u00fchlen kann. Je stressiger das Leben wird, desto mehr ger\u00e4t das Gleichgewicht aus dem Schwanken bis man an einem Punkt ankommt, wo das schlechter F\u00fchlen die neue Norm ist. Wir haben es zu unserem Ziel gemacht die Balance wieder herzustellen und jeder Person zu helfen das eigene Wohlbefinden zu verbessern. Dies ist von Person zu Person unterschiedlich und braucht verschiedene Herangehensweisen.<\/p>\n<p>Die K\u00f6rperwerkstatt konzentriert sich auf die Verbesserung der Gesundheit und des Wohlbefindens von Menschen durch Anbieten verschiedener Behandlungen und Dienstleistungen an s\u00e4mtlichen Orten. Egal ob zu Hause, in der Natur, im Fitnessstudio oder sogar auf Arbeit &#8211; wir kommen \u00fcberall hin.<\/p>\n<p>Zusammen mit unseren Massagediensten bieten wir ebenfalls Fitnessprogramme an, die aus Yoga- und Pilates-Kursen bestehen, sowie unseren Personal Training Sessions. Die K\u00f6rperwerkstatt hilft bei jedem Schritt. Wie bei unseren Massagediensten, bieten wir unsere Fitnessprogramme im Studio der Wahl, <a href=\"\/de\/at-work\/massage-days\/\">im B\u00fcro<\/a>, <a href=\"\/de\/at-sport\/\">im Sportverein<\/a> und nat\u00fcrlich <a href=\"\/de\/at-home\/\">zu Hause<\/a> an. Es gibt keine Ausreden mehr. Bringe deinen K\u00f6rper wieder ins Laufen.<\/p>\n<h4>Massage<\/h4>\n<p>Massagen eignen sich bestens, um die k\u00f6rperliche und mentale Gesundheit und das Wohlbefinden auf passive Art und Weise zu verbessern. Oft werden Massagen als eine leichte L\u00f6sung betrachtet, um sich mal schnell &#8222;besser zu f\u00fchlen&#8220;, wenn aber die Realit\u00e4t eine ganz andere ist: Massagen k\u00f6nnen andauernde Vorteile haben und sowohl die k\u00f6rperliche als auch die mentale Leistung verbessern. Mehr \u00fcber unsere <a href=\"\/de\/feel-better\/massage-services\/\">&gt;Massagen<\/a>.<a href=\"...Massagen\">\u00a0<\/a><\/p>\n<h4>Fitnessprogramme<\/h4>\n<p>Besser f\u00fchlen durch Fitness. Unsere Fitnessprogramme bieten wir, wie unsere Massagen, so gut wie \u00fcberall an. Das bedeutet, dass mindestens eine Unbequemlichkeit dadurch eliminiert werden kann. Wir kommen zu dir nach Hause, in dein Fitnessstudio, in dein B\u00fcro oder sogar zu deinem Sportverein und trainieren mit der kompletten Mannschaft. Mehr \u00fcber unsere <a href=\"\/de\/feel-better\/fitness-programs\/\">&gt;Fitness-Programme<\/a>.<\/p>\n<h4>Physiotherapie<\/h4>\n<p>Verletzungen sind Teil des Lebens. Obwohl wir die Verletzungswahrscheinlichkeit reduzieren k\u00f6nnen, k\u00f6nnen wir sie leider nicht komplett eliminieren. Wir bieten Amateursportlern unsere sogenannte K\u00f6rperinstandhaltung und Regenerierungsmethoden an, um den K\u00f6rper so gesund wie m\u00f6glich zu halten. Ebenfalls bieten wir Taping und Erste Hilfe bei Sportevents an. Mehr \u00fcber unsere <a href=\"\/de\/feel-better\/physiotherapy\/\">&gt;Physiotherapie<\/a>.<\/p>\n<h4><a href=\"\/contact-us\/\">&gt;Termin buchen<\/a><\/h4>\n","protected":false},"excerpt":{"rendered":"<p> \u2026<\/p>\n","protected":false},"author":1,"featured_media":0,"parent":0,"menu_order":2,"comment_status":"closed","ping_status":"closed","template":"","meta":{"footnotes":""},"translation":{"provider":"WPGlobus","version":"2.12.2","language":"de","enabled_languages":["en","de"],"languages":{"en":{"title":true,"content":true,"excerpt":false},"de":{"title":true,"content":true,"excerpt":false}}},"_links":{"self":[{"href":"https:\/\/koerperwerkstattberlin.de\/de\/wp-json\/wp\/v2\/pages\/53"}],"collection":[{"href":"https:\/\/koerperwerkstattberlin.de\/de\/wp-json\/wp\/v2\/pages"}],"about":[{"href":"https:\/\/koerperwerkstattberlin.de\/de\/wp-json\/wp\/v2\/types\/page"}],"author":[{"embeddable":true,"href":"https:\/\/koerperwerkstattberlin.de\/de\/wp-json\/wp\/v2\/users\/1"}],"replies":[{"embeddable":true,"href":"https:\/\/koerperwerkstattberlin.de\/de\/wp-json\/wp\/v2\/comments?post=53"}],"version-history":[{"count":91,"href":"https:\/\/koerperwerkstattberlin.de\/de\/wp-json\/wp\/v2\/pages\/53\/revisions"}],"predecessor-version":[{"id":1911,"href":"https:\/\/koerperwerkstattberlin.de\/de\/wp-json\/wp\/v2\/pages\/53\/revisions\/1911"}],"wp:attachment":[{"href":"https:\/\/koerperwerkstattberlin.de\/de\/wp-json\/wp\/v2\/media?parent=53"}],"curies":[{"name":"wp","href":"https:\/\/api.w.org\/{rel}","templated":true}]}}