{"id":423,"date":"2017-03-19T14:14:32","date_gmt":"2017-03-19T14:14:32","guid":{"rendered":"http:\/\/koerperwerkstattberlin.de\/?page_id=423"},"modified":"2018-03-24T22:41:21","modified_gmt":"2018-03-24T22:41:21","slug":"personal-training","status":"publish","type":"page","link":"https:\/\/koerperwerkstattberlin.de\/de\/at-home\/personal-training\/","title":{"rendered":"Personal Training"},"content":{"rendered":"<h4>Zu Hause<\/h4>\n<p>Ist der Alltag noch so voll, sollte unserer Meinung nach trotzdem gen\u00fcgend Zeit f\u00fcr Sport \u00fcbrig bleiben. Deshalb bieten wir unsere Fitnessprogramme bei dir zu Hause an. Du sparst nicht nur Zeit, sondern musst auch keinen Vertrag unterschreiben, geschweige denn irgendwo hinfahren, um Sport zu treiben. Wir bringen das n\u00f6tige Equipment mit und trainieren mit dir. Die erste Stunde dient zur Konsultation, um deine Ziele zu definieren und herauszufinden auf welchem Fitnesslevel du dich befindest. Danach wird ein Trainingsplan speziell f\u00fcr dich erstellt, den du entweder eigenst\u00e4ndig durchf\u00fchren kannst oder mithilfe einer unserer Personal Trainer.<\/p>\n<h4>In deinem Fitnessstudio<\/h4>\n<p>Du gehst gerne ins Fitnessstudio, siehst aber nicht wirklich die gew\u00fcnschten Fortschritte? Wir k\u00f6nnen dir bei deinem Training helfen und sicher stellen, dass du die gew\u00fcnschten Fortschritte machst. Wir zeigen dir neue \u00dcbungen, helfen dir diszipliniert zu bleiben. Auf Wunsch erstellen wir dir auch einen Trainingsplan, mit deinen eigens definierten Zielen, die alle verf\u00fcgbaren Ressourcen nutzen. Sollten Motivation und Disziplin dein gr\u00f6\u00dftes Problem sein, haben wir auch kein Problem damit, dich regelm\u00e4\u00dfig zu kontaktieren und dir hinterher zu sein, damit du deine Ziele erreichst.<\/p>\n<h4>In unserem Studio<\/h4>\n<p>Falls du <span style=\"text-decoration: underline;\">nicht<\/span> in einem Fitnessstudio angemeldet sein solltest, gibt es trotzdem einen Weg fit zu werden. Wir nehmen dich entweder mit zu einem McFit-Fitnessstudio, wo wir angemeldet sind oder nutzen unseren Sportraum im Stadtbad Mitte. Wenn wir in einer Sache gut sind, dann ist es Ausreden zu eliminieren, um nicht fit zu werden :). Also schlie\u00dfe dich uns an und helfe uns dir zu helfen die beste Version von dir zu erreichen.<\/p>\n<p><a href=\"\/de\/contact-us\/\">&gt;Angebot anfordern <\/a><\/p>\n<p><a href=\"\/de\/prices\/\">&gt;Preisliste<\/a><\/p>\n","protected":false},"excerpt":{"rendered":"<p> \u2026<\/p>\n","protected":false},"author":1,"featured_media":0,"parent":59,"menu_order":0,"comment_status":"closed","ping_status":"closed","template":"","meta":{"footnotes":""},"translation":{"provider":"WPGlobus","version":"2.12.2","language":"de","enabled_languages":["en","de"],"languages":{"en":{"title":true,"content":true,"excerpt":false},"de":{"title":false,"content":true,"excerpt":false}}},"_links":{"self":[{"href":"https:\/\/koerperwerkstattberlin.de\/de\/wp-json\/wp\/v2\/pages\/423"}],"collection":[{"href":"https:\/\/koerperwerkstattberlin.de\/de\/wp-json\/wp\/v2\/pages"}],"about":[{"href":"https:\/\/koerperwerkstattberlin.de\/de\/wp-json\/wp\/v2\/types\/page"}],"author":[{"embeddable":true,"href":"https:\/\/koerperwerkstattberlin.de\/de\/wp-json\/wp\/v2\/users\/1"}],"replies":[{"embeddable":true,"href":"https:\/\/koerperwerkstattberlin.de\/de\/wp-json\/wp\/v2\/comments?post=423"}],"version-history":[{"count":13,"href":"https:\/\/koerperwerkstattberlin.de\/de\/wp-json\/wp\/v2\/pages\/423\/revisions"}],"predecessor-version":[{"id":1929,"href":"https:\/\/koerperwerkstattberlin.de\/de\/wp-json\/wp\/v2\/pages\/423\/revisions\/1929"}],"up":[{"embeddable":true,"href":"https:\/\/koerperwerkstattberlin.de\/de\/wp-json\/wp\/v2\/pages\/59"}],"wp:attachment":[{"href":"https:\/\/koerperwerkstattberlin.de\/de\/wp-json\/wp\/v2\/media?parent=423"}],"curies":[{"name":"wp","href":"https:\/\/api.w.org\/{rel}","templated":true}]}}