{"id":387,"date":"2017-03-08T17:35:18","date_gmt":"2017-03-08T17:35:18","guid":{"rendered":"http:\/\/koerperwerkstattberlin.de\/?page_id=387"},"modified":"2018-03-14T15:48:52","modified_gmt":"2018-03-14T15:48:52","slug":"our-story","status":"publish","type":"page","link":"https:\/\/koerperwerkstattberlin.de\/de\/our-story\/","title":{"rendered":"\u00dcber Uns"},"content":{"rendered":"<p>Die K\u00f6rperwerkstatt Berlin wurde im Jahr 2014 gegr\u00fcndet. Unser Ziel war (und ist es immer noch) durch eine neue Herangehensweise die Gesundheit unserer Mitmenschen zu verbessern. Uns geht es nicht um schnelle, oberfl\u00e4chliche Resultate sondern um richtige K\u00f6rperarbeit. Deshalb bieten wir unsere Dienstleistungen auch im B\u00fcro, bei Ihnen zu Hause und selbstverst\u00e4ndlich in unseren R\u00e4umlichkeiten an.<\/p>\n<p>Unsere Gr\u00fcnder sind:<\/p>\n<h4>Melissa Banach ATC, LMT<\/h4>\n<p>&#8222;Eine Vielzahl von Erfahrungen im Gesundheits- und Fitnessbereich geben\u00a0mir eine einzigartige Perspektive bez\u00fcglich effektiver K\u00f6rpertherapien. Ich helfe Ihnen beim Muskelerhalt und mit dem Bindegewebe, um Ihnen zu helfen, das Meiste aus Ihrem aktiven Leben zu holen.<\/p>\n<p>Ich leite Dehn- und Massagetherapien, die zu einer langfristigen Gesundheit und einem nachhaltigen K\u00f6rper f\u00fchren. Ich helfe auch ganzen Sportvereinen, die auf der Suche nach einer Leistungssteigerung sind.<\/p>\n<p>Ich habe mit mehreren Universit\u00e4tsmannschaften gearbeitet, inklusive Herren Eishockey, Herren Basketball, Damen Basketball und Damen Lacrosse, w\u00e4hrend ich meine Ausbildung zur Sportmedizinerin absolvierte.<\/p>\n<p>Ich habe mehr als 1.100 Stunden Massagetraining durchgef\u00fchrt, welche sich vor allem auf klassische\u00a0Massagen, Warmsteinmassagen und Schiatsu fokussierten. Zudem war ich noch die leitende Sportmedizinerin f\u00fcr eine Privatschule f\u00fcr M\u00e4dchen im Staat New York.<\/p>\n<p>Durch meine Arbeit st\u00e4rke ich das Immunsystem und\u00a0verbessere die Blutzirkulation von Menschen jeden\u00a0Alters. Ich kann Ihnen helfen, Ihren K\u00f6rper wieder ins Laufen zu bringen.&#8220;<\/p>\n<p><strong>Professionelle Erfahrung<\/strong><\/p>\n<p>&#8222;Als Sportmedizinerin, machte ich meinen Abschluss an der\u00a0New York Institute of Massage und habe alle meine Staatsexamen bestanden. Ich habe viel Praxiserfahrung an Sportlern im Hochschul- und Universit\u00e4tslevel sammeln k\u00f6nnen und habe auch Leute jeden Alters massiert. Ich hoffe meine gesammelten Erfahrungen in Sachen Sportmedizin und Massagen bestens verwenden zu k\u00f6nnen und meine organisatorischen F\u00e4higkeiten und F\u00fchrungskompetenzen unter Beweis stellen zu d\u00fcrfen.&#8220;<\/p>\n<ul>\n<li>Staatlich anerkannte\u00a0Sportmedizinerin<\/li>\n<li>Zertifiziert in Professioneller Herz-Lungen-Wiederbelebung<\/li>\n<li>Staatlich anerkannte Massagetherapeutin<\/li>\n<li>Zertifizierte Personal Trainerin<\/li>\n<li>American Red Cross Herz-Lungen-Wiederbelebung and AED zertifiziert\u00a0(Erwachsene, Kinder und S\u00e4uglinge)<\/li>\n<li>Deutsches\u00a0 Rotes Kreuz\u00a0Erste Hilfe Zertifizierung<\/li>\n<\/ul>\n<p><strong>Erfahrung<\/strong><\/p>\n<p>Hertha 03 Sport Club, Berlin 2012 \u2013 2013<\/p>\n<ul>\n<li>Entwicklung und Durchf\u00fchrung von bestimmten Fitnesspl\u00e4nen<\/li>\n<li>Erste Hilfe Leistung bei Sport-Events<\/li>\n<li>Einsch\u00e4tzung von Verletzungen, inklusive Tapen und Sportst\u00fctzen<\/li>\n<li>Massagen um den Heilungsprozess zu f\u00f6rdern<\/li>\n<\/ul>\n<p>SCC Damen Lacrosse, Deutschland\u00a02010-2012<\/p>\n<ul>\n<li>Entwicklung und Durchf\u00fchrung von bestimmten Fitnesspl\u00e4nen<\/li>\n<li>Erste Hilfe Leistung bei Sport-Events<\/li>\n<li>Evaluierung von Verletzungen, inklusive Tapen und Sportst\u00fctzen<\/li>\n<\/ul>\n<p>Buffalo Seminary High School Buffalo, New York 2009-2010<\/p>\n<ul>\n<li>Leitende High School\u00a0Sportmedizinerin<\/li>\n<li>Erste Hilfe Leistung bei Sport-Events<\/li>\n<li>Evaluierung von Verletzungen, inklusive Tapen und Sportst\u00fctzen<\/li>\n<\/ul>\n<p>University Orthopedics Buffalo, New York 2009<\/p>\n<ul>\n<li>Rehabilitation mit Patienten<\/li>\n<li>Ultraschallanwendung, Elektrotherapieanwendung<\/li>\n<li>Dokumentieren des Behandlungsprozess<\/li>\n<\/ul>\n<h3>Sebastian Canpolat<\/h3>\n<p>&#8222;Als selbst ernannter \u201eK\u00f6rperingenieur\u201c ist es meine Aufgabe durch meinen Abschluss in Gesundheitswissenschaften meine Mitmenschen bestens \u00fcber den K\u00f6rper zu informieren. Ich kann Sie in Sachen Ern\u00e4hrung, Fitness und Lifestyle beraten. Mein Ziel ist es, Ihnen zu helfen Ihre pers\u00f6nliche Ziele zu erreichen.&#8220;<\/p>\n<p><strong>\u00dcber mich<\/strong><\/p>\n<p>&#8222;Von klein auf war ich schon immer in irgendeinem Sport involviert. Ob es Fu\u00dfball, Hockey, Judo, Fitness oder eine andere Sportart war, es gab nie einen l\u00e4ngeren Zeitraum als sechs Monate ohne Sport. Diese Erfahrung in Kombination mit meinem Studium in Gesundheitswissenschaften, gibt mir gutes Wissen \u00fcber den menschlichen K\u00f6rper.&#8220;<\/p>\n<p>Ich helfe Ihnen gerne in Sachen:<\/p>\n<ul>\n<li>Muskelaufbau<\/li>\n<li>Schnelligkeitstraining<\/li>\n<li>Kraftsteigerung<\/li>\n<li>Ern\u00e4hrungsberatung<\/li>\n<\/ul>\n<p><img decoding=\"async\" loading=\"lazy\" class=\"alignnone wp-image-1394 size-full\" src=\"http:\/\/koerperwerkstattberlin.de\/wp-content\/uploads\/2018\/03\/our-story-pic.jpg\" alt=\"\" width=\"1512\" height=\"960\" srcset=\"https:\/\/koerperwerkstattberlin.de\/wp-content\/uploads\/2018\/03\/our-story-pic.jpg 1512w, https:\/\/koerperwerkstattberlin.de\/wp-content\/uploads\/2018\/03\/our-story-pic-300x190.jpg 300w, https:\/\/koerperwerkstattberlin.de\/wp-content\/uploads\/2018\/03\/our-story-pic-768x488.jpg 768w, https:\/\/koerperwerkstattberlin.de\/wp-content\/uploads\/2018\/03\/our-story-pic-1024x650.jpg 1024w, https:\/\/koerperwerkstattberlin.de\/wp-content\/uploads\/2018\/03\/our-story-pic-411x261.jpg 411w\" sizes=\"(max-width: 1512px) 100vw, 1512px\" \/><\/p>\n","protected":false},"excerpt":{"rendered":"<p> \u2026<\/p>\n","protected":false},"author":1,"featured_media":0,"parent":0,"menu_order":0,"comment_status":"closed","ping_status":"closed","template":"","meta":{"footnotes":""},"translation":{"provider":"WPGlobus","version":"2.12.2","language":"de","enabled_languages":["en","de"],"languages":{"en":{"title":true,"content":true,"excerpt":false},"de":{"title":true,"content":true,"excerpt":false}}},"_links":{"self":[{"href":"https:\/\/koerperwerkstattberlin.de\/de\/wp-json\/wp\/v2\/pages\/387"}],"collection":[{"href":"https:\/\/koerperwerkstattberlin.de\/de\/wp-json\/wp\/v2\/pages"}],"about":[{"href":"https:\/\/koerperwerkstattberlin.de\/de\/wp-json\/wp\/v2\/types\/page"}],"author":[{"embeddable":true,"href":"https:\/\/koerperwerkstattberlin.de\/de\/wp-json\/wp\/v2\/users\/1"}],"replies":[{"embeddable":true,"href":"https:\/\/koerperwerkstattberlin.de\/de\/wp-json\/wp\/v2\/comments?post=387"}],"version-history":[{"count":20,"href":"https:\/\/koerperwerkstattberlin.de\/de\/wp-json\/wp\/v2\/pages\/387\/revisions"}],"predecessor-version":[{"id":2040,"href":"https:\/\/koerperwerkstattberlin.de\/de\/wp-json\/wp\/v2\/pages\/387\/revisions\/2040"}],"wp:attachment":[{"href":"https:\/\/koerperwerkstattberlin.de\/de\/wp-json\/wp\/v2\/media?parent=387"}],"curies":[{"name":"wp","href":"https:\/\/api.w.org\/{rel}","templated":true}]}}