{"id":379,"date":"2017-03-08T17:30:54","date_gmt":"2017-03-08T17:30:54","guid":{"rendered":"http:\/\/koerperwerkstattberlin.de\/?page_id=379"},"modified":"2020-08-10T11:25:55","modified_gmt":"2020-08-10T11:25:55","slug":"mobile-massage","status":"publish","type":"page","link":"https:\/\/koerperwerkstattberlin.de\/de\/at-home\/mobile-massage\/","title":{"rendered":"Mobile Massage"},"content":{"rendered":"<p>Im hektischen Alltag ger\u00e4t die eigene Gesundheit leider oftmals in Vergessenheit. Die meisten von uns wissen wie es ist mit Arbeit, Familie und weiteren Verpflichtungen. Da ist es kein Wunder, dass es schwierig ist sportliche Aktivit\u00e4ten in den Plan mit einzubinden, geschweige denn aktive Entspannung in Form von Massagen in Anspruch zu nehmen. Resultat: Volkskrankheit R\u00fcckenleiden, Kopfschmerzen und \u201cBurnout\u201d. Mit unserer mobilen Massage machen wir es Ihnen so einfach wie m\u00f6glich und bringen die Entspannung zu Ihnen nach Hause.<\/p>\n<p>Mobile Massagen bieten viele Vorteile: Kein weiterer Ausflug vor oder nach der Arbeit. Keine l\u00e4stige Parkplatzsuche. Kein ewig dauernder Heimweg. So schnell wie wir alles aufgebaut haben, sind wir auch wieder weg, sodass Sie die Effekte der Massage in Ruhe in Ihren eigenen vier W\u00e4nden genie\u00dfen k\u00f6nnen.<\/p>\n<h4>In nur 3 Schritten k\u00f6nnen Sie Ihre mobile Massage buchen<\/h4>\n<p>1. Dauer der Massage w\u00e4hlen:<\/p>\n<ul>\n<li>60 Min &#8211; 97,- \u20ac<\/li>\n<li>90 Min &#8211; 136,- \u20ac<\/li>\n<li>120 Min &#8211; 175,- \u20ac<\/li>\n<\/ul>\n<p>2. Art der Massage w\u00e4hlen:<\/p>\n<ul>\n<li>Klassische Entspannungsmassage<\/li>\n<li>Medizinische Massage<\/li>\n<li>Sportmassage<\/li>\n<li>Tiefengewebsmassage<\/li>\n<li>Thai Yoga Massage<\/li>\n<li>Schwangerschaftsmassage<\/li>\n<\/ul>\n<p>3. Uns kontaktieren und den Termin vereinbaren:<\/p>\n<ul>\n<li>(030) 120 87 101<\/li>\n<li>termin(at)koerperwerkstattberlin.de<\/li>\n<li><a href=\"\/de\/contact-us\/mobile-services\/\">&gt;Mobile Dienstleistungen Kontaktformular<\/a><\/li>\n<\/ul>\n<p>Jetzt nur noch abwarten, bis die Entspannung bei Ihnen klingelt\u00a0: )<\/p>\n","protected":false},"excerpt":{"rendered":"<p> \u2026<\/p>\n","protected":false},"author":1,"featured_media":0,"parent":59,"menu_order":0,"comment_status":"closed","ping_status":"closed","template":"","meta":{"footnotes":""},"translation":{"provider":"WPGlobus","version":"2.12.2","language":"de","enabled_languages":["en","de"],"languages":{"en":{"title":true,"content":true,"excerpt":false},"de":{"title":true,"content":true,"excerpt":false}}},"_links":{"self":[{"href":"https:\/\/koerperwerkstattberlin.de\/de\/wp-json\/wp\/v2\/pages\/379"}],"collection":[{"href":"https:\/\/koerperwerkstattberlin.de\/de\/wp-json\/wp\/v2\/pages"}],"about":[{"href":"https:\/\/koerperwerkstattberlin.de\/de\/wp-json\/wp\/v2\/types\/page"}],"author":[{"embeddable":true,"href":"https:\/\/koerperwerkstattberlin.de\/de\/wp-json\/wp\/v2\/users\/1"}],"replies":[{"embeddable":true,"href":"https:\/\/koerperwerkstattberlin.de\/de\/wp-json\/wp\/v2\/comments?post=379"}],"version-history":[{"count":24,"href":"https:\/\/koerperwerkstattberlin.de\/de\/wp-json\/wp\/v2\/pages\/379\/revisions"}],"predecessor-version":[{"id":1974,"href":"https:\/\/koerperwerkstattberlin.de\/de\/wp-json\/wp\/v2\/pages\/379\/revisions\/1974"}],"up":[{"embeddable":true,"href":"https:\/\/koerperwerkstattberlin.de\/de\/wp-json\/wp\/v2\/pages\/59"}],"wp:attachment":[{"href":"https:\/\/koerperwerkstattberlin.de\/de\/wp-json\/wp\/v2\/media?parent=379"}],"curies":[{"name":"wp","href":"https:\/\/api.w.org\/{rel}","templated":true}]}}