{"id":372,"date":"2017-03-08T17:22:09","date_gmt":"2017-03-08T17:22:09","guid":{"rendered":"http:\/\/koerperwerkstattberlin.de\/?page_id=372"},"modified":"2018-03-13T18:20:49","modified_gmt":"2018-03-13T18:20:49","slug":"sports-massage","status":"publish","type":"page","link":"https:\/\/koerperwerkstattberlin.de\/de\/at-sport\/sports-massage\/","title":{"rendered":"Sportmassage"},"content":{"rendered":"<p>Gleichg\u00fcltig ob Freizeitsportler, Amateursportler oder Leistungssportler: jede\/r die\/der regelm\u00e4\u00dfig Sport treibt kennt das Gef\u00fchl eines Muskelkaters oder wie sich verkrampfte Muskeln anf\u00fchlen. Dies verhindert eine optimale Performance und f\u00fchrt auf Dauer nur zu mehr Schmerzen, Verspannungen und weniger sportlichen Fortschritten.<\/p>\n<p>Die Sportmassage dient als gutes Heilmittel dagegen. Anders als bei der klassischen Entspannungsmassage oder der Tiefengewebsmassage, wird bei der Sportmassage das Weichgewebe massiert, um Verletzungen vorzubeugen, die Muskeln auf bessere Leistung vorzubereiten und die Flexibilit\u00e4t zu verbessern. Ein weiterer Vorteil: die Regenerationszeit wird durch eine Sportmassage ebenfalls reduziert, sodass h\u00e4ufiger bei besserer Leistung trainiert werden kann.<\/p>\n<p>Sportmassagen sind nicht nur vorteilhaft nach dem Training, sondern k\u00f6nnen die Muskulatur auch auf einen Wettkampf vorbereiten, indem die Muskeln durch bestimmte Bewegungsabl\u00e4ufe \u201caktiviert\u201d werden. Dies f\u00fchrt zu besseren Leistungen w\u00e4hrend des Wettkampfs und einem reduzierten Verletzungsrisiko.<\/p>\n<p><a href=\"\/contact-us\/\">&gt;Angebot anfordern<\/a><\/p>\n<p><a href=\"\/prices\/\">&gt;Preisliste<\/a><\/p>\n","protected":false},"excerpt":{"rendered":"<p> \u2026<\/p>\n","protected":false},"author":1,"featured_media":0,"parent":57,"menu_order":1,"comment_status":"closed","ping_status":"closed","template":"","meta":{"footnotes":""},"translation":{"provider":"WPGlobus","version":"2.12.2","language":"de","enabled_languages":["en","de"],"languages":{"en":{"title":true,"content":true,"excerpt":false},"de":{"title":true,"content":true,"excerpt":false}}},"_links":{"self":[{"href":"https:\/\/koerperwerkstattberlin.de\/de\/wp-json\/wp\/v2\/pages\/372"}],"collection":[{"href":"https:\/\/koerperwerkstattberlin.de\/de\/wp-json\/wp\/v2\/pages"}],"about":[{"href":"https:\/\/koerperwerkstattberlin.de\/de\/wp-json\/wp\/v2\/types\/page"}],"author":[{"embeddable":true,"href":"https:\/\/koerperwerkstattberlin.de\/de\/wp-json\/wp\/v2\/users\/1"}],"replies":[{"embeddable":true,"href":"https:\/\/koerperwerkstattberlin.de\/de\/wp-json\/wp\/v2\/comments?post=372"}],"version-history":[{"count":12,"href":"https:\/\/koerperwerkstattberlin.de\/de\/wp-json\/wp\/v2\/pages\/372\/revisions"}],"predecessor-version":[{"id":1858,"href":"https:\/\/koerperwerkstattberlin.de\/de\/wp-json\/wp\/v2\/pages\/372\/revisions\/1858"}],"up":[{"embeddable":true,"href":"https:\/\/koerperwerkstattberlin.de\/de\/wp-json\/wp\/v2\/pages\/57"}],"wp:attachment":[{"href":"https:\/\/koerperwerkstattberlin.de\/de\/wp-json\/wp\/v2\/media?parent=372"}],"curies":[{"name":"wp","href":"https:\/\/api.w.org\/{rel}","templated":true}]}}