{"id":368,"date":"2017-03-08T17:16:34","date_gmt":"2017-03-08T17:16:34","guid":{"rendered":"http:\/\/koerperwerkstattberlin.de\/?page_id=368"},"modified":"2018-03-13T18:41:33","modified_gmt":"2018-03-13T18:41:33","slug":"team-physio-services","status":"publish","type":"page","link":"https:\/\/koerperwerkstattberlin.de\/de\/at-sport\/team-physio-services\/","title":{"rendered":"Team Physio"},"content":{"rendered":"<p><img decoding=\"async\" loading=\"lazy\" class=\"alignright wp-image-910 \" src=\"http:\/\/koerperwerkstattberlin.de\/wp-content\/uploads\/2018\/01\/Physio_2.jpg\" alt=\"Team Physio\" width=\"570\" height=\"379\" srcset=\"https:\/\/koerperwerkstattberlin.de\/wp-content\/uploads\/2018\/01\/Physio_2.jpg 960w, https:\/\/koerperwerkstattberlin.de\/wp-content\/uploads\/2018\/01\/Physio_2-300x199.jpg 300w, https:\/\/koerperwerkstattberlin.de\/wp-content\/uploads\/2018\/01\/Physio_2-768x510.jpg 768w, https:\/\/koerperwerkstattberlin.de\/wp-content\/uploads\/2018\/01\/Physio_2-411x273.jpg 411w\" sizes=\"(max-width: 570px) 100vw, 570px\" \/><span style=\"text-indent: 0em;\">Sportverletzungen sind ein Teil des Sports. Wir k\u00f6nnen nur die Wahrscheinlichkeit einer Verletzung verringern, aber sie leider nicht komplett eliminieren. Ein Weg dies zu erzielen, ist einen unserer Physiotherapeuten im Team zu haben. Unsere Physiotherapeuten k\u00f6nnen f\u00fcr ein Training, einen Wettkampf oder auf Dauer gebucht werden. Sie tun alles, um Verletzungen vorzubeugen und vorhandene Verletzungen bestm\u00f6glich zu behandeln, sodass die Erholungsphase so gut es geht zu verk\u00fcrzt wird. Nicht ohne Grund haben gute Teams mindestens einen Physiotherapeuten, der sich um die Performance des Teams k\u00fcmmert.<\/span><\/p>\n<h4>Erste-Hilfe Leistung<\/h4>\n<p>Verletzungen sind nicht auszuschlie\u00dfen. Unsere Physiotherapeuten sind bestens geschult und vorbereitet sich um Verletzungen zu k\u00fcmmern, wenn sie auftreten. Gleichg\u00fcltig ob eine Sportverletzung oder ein medizinischer Notfall, wir wissen wie man damit direkt vor Ort umzugehen hat. Die mehreren Jahre Erfahrung in verschiedenen Sportbereichen geben uns die n\u00f6tige Expertise.<\/p>\n<h4>Tapen und Bandagieren<\/h4>\n<p>Im Fall einiger Verletzungen ist es in einigen F\u00e4llen notwendig zu tapen oder zu bandagieren, um weiter trainieren zu k\u00f6nnen. Obwohl Tape und Bandagen nicht direkt zur Heilung mit beitragen, k\u00f6nnen sie auf jeden Fall Schmerzen lindern und schlimmeres vorbeugen. Mit der richtigen Beurteilung und Anwendung wird euer Team effektiver, egal in welchem Umfeld.<\/p>\n<h4>Rehabilitation<\/h4>\n<p>Nachdem ein Sportler sich verletzt hat, beginnt der K\u00f6rper selbstst\u00e4ndig mit dem Heilungsprozess. Dieser Heilungsprozess kann jedoch von au\u00dfen beschleunigt werden. Dies erzielen wir durch die Methoden unserer Physiotherapeuten, die durch ihre Erfahrung und ihrem Wissen die Sportler schnellstm\u00f6glich wieder auf das Level vor der Verletzung zur\u00fcckbringen.<\/p>\n<p><a href=\"\/contact-us\/\">&gt;Angebot anfordern<\/a><\/p>\n<p><a href=\"\/prices\/\">&gt;Preisliste<\/a><\/p>\n","protected":false},"excerpt":{"rendered":"<p> \u2026<\/p>\n","protected":false},"author":1,"featured_media":0,"parent":57,"menu_order":3,"comment_status":"closed","ping_status":"closed","template":"","meta":{"footnotes":""},"translation":{"provider":"WPGlobus","version":"2.12.2","language":"de","enabled_languages":["en","de"],"languages":{"en":{"title":true,"content":true,"excerpt":false},"de":{"title":true,"content":true,"excerpt":false}}},"_links":{"self":[{"href":"https:\/\/koerperwerkstattberlin.de\/de\/wp-json\/wp\/v2\/pages\/368"}],"collection":[{"href":"https:\/\/koerperwerkstattberlin.de\/de\/wp-json\/wp\/v2\/pages"}],"about":[{"href":"https:\/\/koerperwerkstattberlin.de\/de\/wp-json\/wp\/v2\/types\/page"}],"author":[{"embeddable":true,"href":"https:\/\/koerperwerkstattberlin.de\/de\/wp-json\/wp\/v2\/users\/1"}],"replies":[{"embeddable":true,"href":"https:\/\/koerperwerkstattberlin.de\/de\/wp-json\/wp\/v2\/comments?post=368"}],"version-history":[{"count":32,"href":"https:\/\/koerperwerkstattberlin.de\/de\/wp-json\/wp\/v2\/pages\/368\/revisions"}],"predecessor-version":[{"id":1861,"href":"https:\/\/koerperwerkstattberlin.de\/de\/wp-json\/wp\/v2\/pages\/368\/revisions\/1861"}],"up":[{"embeddable":true,"href":"https:\/\/koerperwerkstattberlin.de\/de\/wp-json\/wp\/v2\/pages\/57"}],"wp:attachment":[{"href":"https:\/\/koerperwerkstattberlin.de\/de\/wp-json\/wp\/v2\/media?parent=368"}],"curies":[{"name":"wp","href":"https:\/\/api.w.org\/{rel}","templated":true}]}}