{"id":365,"date":"2017-03-08T17:13:01","date_gmt":"2017-03-08T17:13:01","guid":{"rendered":"http:\/\/koerperwerkstattberlin.de\/?page_id=365"},"modified":"2018-03-13T14:51:51","modified_gmt":"2018-03-13T14:51:51","slug":"ergonomic-consulting","status":"publish","type":"page","link":"https:\/\/koerperwerkstattberlin.de\/de\/at-work\/ergonomic-consulting\/","title":{"rendered":"Ergonomieberatung"},"content":{"rendered":"<p><img decoding=\"async\" loading=\"lazy\" class=\" wp-image-1151 alignright\" src=\"http:\/\/koerperwerkstattberlin.de\/wp-content\/uploads\/2018\/03\/pexels-photo-840996-300x200.jpeg\" alt=\"Ergonomische Arbeitsplatzoptimierung\" width=\"445\" height=\"297\" srcset=\"https:\/\/koerperwerkstattberlin.de\/wp-content\/uploads\/2018\/03\/pexels-photo-840996-300x200.jpeg 300w, https:\/\/koerperwerkstattberlin.de\/wp-content\/uploads\/2018\/03\/pexels-photo-840996-768x512.jpeg 768w, https:\/\/koerperwerkstattberlin.de\/wp-content\/uploads\/2018\/03\/pexels-photo-840996-1024x683.jpeg 1024w, https:\/\/koerperwerkstattberlin.de\/wp-content\/uploads\/2018\/03\/pexels-photo-840996-411x274.jpeg 411w\" sizes=\"(max-width: 445px) 100vw, 445px\" \/>Die richtige Ergonomie im B\u00fcro spielt eine immer gr\u00f6\u00dfer werdende Rolle. Insbesondere auch aufgrund der Tatsache, dass immer mehr Menschen dem Dienstleistungssektor beitreten und somit die Anzahl der Leute steigt, die den Gro\u00dfteil ihres Arbeitsalltages im B\u00fcro verbringen.<\/p>\n<p>Mit unserer Ergonomieberatung werden folgende Optimierungen vorgenommen:<\/p>\n<ul>\n<li>Tischh\u00f6he (falls m\u00f6glich)<\/li>\n<li>H\u00f6he des Bildschirms<\/li>\n<li>Armwinkel bei der Mausbedienung<\/li>\n<li>Stuhl\n<ul>\n<li>H\u00f6he<\/li>\n<li>Winkel der R\u00fcckenlehne<\/li>\n<li>H\u00f6he der Armlehne<\/li>\n<\/ul>\n<\/li>\n<\/ul>\n<p>Unsere Ergotherapeutin, die sich w\u00e4hrend ihrer Ausbildung auf B\u00fcroergonomie spezialisiert hat, analysiert jeden einzelnen Arbeitsplatz aufs Genaueste und passt diesen dann dem\/der Mitarbeiter\/in an. Auf Wunsch gibt es auch eine kurze Pr\u00e4sentation zum Thema <em>Ergonomie am Arbeitsplatz<\/em> und wie man k\u00f6rperliche Beschwerden dadurch vorbeugen kann. Sogar die geringsten Verbesserungen k\u00f6nnen einen gro\u00dfen Effekt haben.<\/p>\n<p><a href=\"\/de\/contact-us\/mobile-services\/\">&gt;Angebot anfordern<\/a><\/p>\n<p><a href=\"\/prices\/\">&gt;Preisliste<\/a><\/p>\n","protected":false},"excerpt":{"rendered":"<p> \u2026<\/p>\n","protected":false},"author":1,"featured_media":0,"parent":55,"menu_order":3,"comment_status":"closed","ping_status":"closed","template":"","meta":{"footnotes":""},"translation":{"provider":"WPGlobus","version":"2.12.2","language":"de","enabled_languages":["en","de"],"languages":{"en":{"title":true,"content":true,"excerpt":false},"de":{"title":true,"content":true,"excerpt":false}}},"_links":{"self":[{"href":"https:\/\/koerperwerkstattberlin.de\/de\/wp-json\/wp\/v2\/pages\/365"}],"collection":[{"href":"https:\/\/koerperwerkstattberlin.de\/de\/wp-json\/wp\/v2\/pages"}],"about":[{"href":"https:\/\/koerperwerkstattberlin.de\/de\/wp-json\/wp\/v2\/types\/page"}],"author":[{"embeddable":true,"href":"https:\/\/koerperwerkstattberlin.de\/de\/wp-json\/wp\/v2\/users\/1"}],"replies":[{"embeddable":true,"href":"https:\/\/koerperwerkstattberlin.de\/de\/wp-json\/wp\/v2\/comments?post=365"}],"version-history":[{"count":44,"href":"https:\/\/koerperwerkstattberlin.de\/de\/wp-json\/wp\/v2\/pages\/365\/revisions"}],"predecessor-version":[{"id":1995,"href":"https:\/\/koerperwerkstattberlin.de\/de\/wp-json\/wp\/v2\/pages\/365\/revisions\/1995"}],"up":[{"embeddable":true,"href":"https:\/\/koerperwerkstattberlin.de\/de\/wp-json\/wp\/v2\/pages\/55"}],"wp:attachment":[{"href":"https:\/\/koerperwerkstattberlin.de\/de\/wp-json\/wp\/v2\/media?parent=365"}],"curies":[{"name":"wp","href":"https:\/\/api.w.org\/{rel}","templated":true}]}}