{"id":361,"date":"2017-03-08T17:09:19","date_gmt":"2017-03-08T17:09:19","guid":{"rendered":"http:\/\/koerperwerkstattberlin.de\/?page_id=361"},"modified":"2023-10-05T08:34:16","modified_gmt":"2023-10-05T08:34:16","slug":"office-massage","status":"publish","type":"page","link":"https:\/\/koerperwerkstattberlin.de\/de\/at-work\/office-massage\/","title":{"rendered":"B\u00fcromassagen"},"content":{"rendered":"<p><img decoding=\"async\" loading=\"lazy\" class=\"alignright wp-image-1144 \" src=\"http:\/\/koerperwerkstattberlin.de\/wp-content\/uploads\/2018\/03\/healthday1-e1520118143204-958x1024.jpg\" alt=\"\" width=\"455\" height=\"487\" srcset=\"https:\/\/koerperwerkstattberlin.de\/wp-content\/uploads\/2018\/03\/healthday1-e1520118143204-958x1024.jpg 958w, https:\/\/koerperwerkstattberlin.de\/wp-content\/uploads\/2018\/03\/healthday1-e1520118143204-281x300.jpg 281w, https:\/\/koerperwerkstattberlin.de\/wp-content\/uploads\/2018\/03\/healthday1-e1520118143204-768x821.jpg 768w\" sizes=\"(max-width: 455px) 100vw, 455px\" \/>Sie m\u00f6chten sich aktiv um die Gesundheit Ihrer Mitarbeiter k\u00fcmmern und gleichzeitig die Arbeitsatmosph\u00e4re verbessern? Dann sind unsere B\u00fcromassagen genau das Richtige f\u00fcr Sie. Gute Firmen wissen, wie wichtig es ist in die Gesundheit der Arbeitnehmer zu investieren.<\/p>\n<p>Mit unserer Expertise und unserem Equipment l\u00f6sen wir die Verspannungen um Schulter-, Nacken- und R\u00fcckenbereich, die oftmals ein Resultat des B\u00fcrojobs sind, denn unser K\u00f6rper wurde nicht daf\u00fcr geschaffen einen erheblich Anteil des Tages auf dem B\u00fcrostuhl zu verbringen. Dies f\u00fchrt zu einer verbesserten Arbeitsatmosph\u00e4re und einer erh\u00f6hten Produktivit\u00e4t.<\/p>\n<p>Sie buchen uns wann Sie m\u00f6chten, f\u00fcr die Dauer die Sie m\u00f6chten, so oft Sie m\u00f6chten und wir machen den Rest. Egal ob Massagestuhl oder klassische Liege, wir bringen das n\u00f6tige Equipment mit und sorgen f\u00fcr eine entspannende Atmosph\u00e4re. Wir garantieren, dass Ihre Mitarbeiter im Anschluss zufriedener sind und sie sich wohler am Arbeitsplatz f\u00fchlen.<\/p>\n<p>Firmen haben den Vorteil, dass sie die Kosten zu 100% von der Steuer als Betriebsausgabe absetzen k\u00f6nnen. Sie tun nicht nur etwas Gutes f\u00fcr Ihr Team, sondern m\u00fcssen sich auch keine Sorgen machen, ob Sie es von der Steuer absetzen k\u00f6nnen oder nicht.<\/p>\n<p style=\"text-align: left;\"><a href=\"\/contact-us\/\">&gt;Angebot anfordern<\/a><\/p>\n<p><a href=\"\/de\/prices\/\">&gt;Preisliste<\/a><\/p>\n","protected":false},"excerpt":{"rendered":"<p> \u2026<\/p>\n","protected":false},"author":1,"featured_media":0,"parent":55,"menu_order":1,"comment_status":"closed","ping_status":"closed","template":"","meta":{"footnotes":""},"translation":{"provider":"WPGlobus","version":"2.12.2","language":"de","enabled_languages":["en","de"],"languages":{"en":{"title":true,"content":true,"excerpt":false},"de":{"title":true,"content":true,"excerpt":false}}},"_links":{"self":[{"href":"https:\/\/koerperwerkstattberlin.de\/de\/wp-json\/wp\/v2\/pages\/361"}],"collection":[{"href":"https:\/\/koerperwerkstattberlin.de\/de\/wp-json\/wp\/v2\/pages"}],"about":[{"href":"https:\/\/koerperwerkstattberlin.de\/de\/wp-json\/wp\/v2\/types\/page"}],"author":[{"embeddable":true,"href":"https:\/\/koerperwerkstattberlin.de\/de\/wp-json\/wp\/v2\/users\/1"}],"replies":[{"embeddable":true,"href":"https:\/\/koerperwerkstattberlin.de\/de\/wp-json\/wp\/v2\/comments?post=361"}],"version-history":[{"count":63,"href":"https:\/\/koerperwerkstattberlin.de\/de\/wp-json\/wp\/v2\/pages\/361\/revisions"}],"predecessor-version":[{"id":2033,"href":"https:\/\/koerperwerkstattberlin.de\/de\/wp-json\/wp\/v2\/pages\/361\/revisions\/2033"}],"up":[{"embeddable":true,"href":"https:\/\/koerperwerkstattberlin.de\/de\/wp-json\/wp\/v2\/pages\/55"}],"wp:attachment":[{"href":"https:\/\/koerperwerkstattberlin.de\/de\/wp-json\/wp\/v2\/media?parent=361"}],"curies":[{"name":"wp","href":"https:\/\/api.w.org\/{rel}","templated":true}]}}