{"id":355,"date":"2017-03-08T16:44:21","date_gmt":"2017-03-08T16:44:21","guid":{"rendered":"http:\/\/koerperwerkstattberlin.de\/?page_id=355"},"modified":"2018-03-14T15:44:52","modified_gmt":"2018-03-14T15:44:52","slug":"team-fitness","status":"publish","type":"page","link":"https:\/\/koerperwerkstattberlin.de\/de\/at-sport\/team-fitness\/","title":{"rendered":"Team Fitness"},"content":{"rendered":"<h4>Fitness Tests<\/h4>\n<p>Verbesserung beginnt immer an mit der Definition des Anfangspunktes und der Setzung eines Ziels. So kann entschieden werden, wie das Ziel am besten erreicht wird. Ohne zu wissen wo man zu Beginn steht, ist diese Entscheidung deutlich schwieriger. Anhand unserer Fitness Tests k\u00f6nnen die Fitnesslevels eines jeden Spielers bzw. einer jeden Spielerin ermittelt werden. Diese Daten machen es dann einfacher festzulegen was gemacht werden muss um das gew\u00fcnschte Ziel innerhalb eines bestimmten Zeitraums zu erreichen. Die Fitness Tests k\u00f6nnen quartalsweise, zweimal im Jahr oder einmal im Jahr stattfinden.<\/p>\n<h4>Krafttraining<\/h4>\n<h4><strong><img decoding=\"async\" loading=\"lazy\" class=\" wp-image-1182 alignright\" src=\"http:\/\/koerperwerkstattberlin.de\/wp-content\/uploads\/2018\/03\/pexels-photo-841130-300x200.jpeg\" alt=\"\" width=\"345\" height=\"230\" srcset=\"https:\/\/koerperwerkstattberlin.de\/wp-content\/uploads\/2018\/03\/pexels-photo-841130-300x200.jpeg 300w, https:\/\/koerperwerkstattberlin.de\/wp-content\/uploads\/2018\/03\/pexels-photo-841130-768x512.jpeg 768w, https:\/\/koerperwerkstattberlin.de\/wp-content\/uploads\/2018\/03\/pexels-photo-841130-1024x683.jpeg 1024w, https:\/\/koerperwerkstattberlin.de\/wp-content\/uploads\/2018\/03\/pexels-photo-841130-411x274.jpeg 411w\" sizes=\"(max-width: 345px) 100vw, 345px\" \/><\/strong><\/h4>\n<h4><\/h4>\n<p>Verschiedene Sportarten brauchen verschiedene Arten von Sportlern. Sollte eure Sportart mehr auf Kraft fokussiert sein, k\u00f6nnen wir helfen die Kraft eines jeden Spielers bzw. einer jeden Spielerin zu steigern. Alle Ressourcen, die zu Verf\u00fcgung stehen, werden bei der Trainingsplanung mit einbezogen, um den besten Plan f\u00fcr jede Person zu erstellen. Dies gibt euch einen Vorteil euren Kontrahenten gegen\u00fcber. Wir k\u00f6nnen euch Schritt f\u00fcr Schritt begleiten oder auch einmalig einen Plan erstellen und den Rest dann euch \u00fcberlassen. Ihr habt die Wahl.<\/p>\n<h4>Ausdauertraining<\/h4>\n<h4><img decoding=\"async\" loading=\"lazy\" class=\" wp-image-1200 alignright\" src=\"http:\/\/koerperwerkstattberlin.de\/wp-content\/uploads\/2018\/03\/pexels-photo-235922-300x199.jpeg\" alt=\"Ausdauertraining\" width=\"345\" height=\"228\" srcset=\"https:\/\/koerperwerkstattberlin.de\/wp-content\/uploads\/2018\/03\/pexels-photo-235922-300x199.jpeg 300w, https:\/\/koerperwerkstattberlin.de\/wp-content\/uploads\/2018\/03\/pexels-photo-235922-768x510.jpeg 768w, https:\/\/koerperwerkstattberlin.de\/wp-content\/uploads\/2018\/03\/pexels-photo-235922-1024x680.jpeg 1024w, https:\/\/koerperwerkstattberlin.de\/wp-content\/uploads\/2018\/03\/pexels-photo-235922-411x273.jpeg 411w\" sizes=\"(max-width: 345px) 100vw, 345px\" \/><\/h4>\n<h4><\/h4>\n<p>Sollte Ausdauer der Fokus eures Sports sein, erstellen wir einen Trainingsplan mit der Verbesserung der Ausdauer als Ziel. Analog zum Krafttraining werden alle Ressourcen einbezogen und verwendet, um den besten Plan zu erstellen. Abh\u00e4ngig davon wie schnell Fortschritte gemacht werden sollen und wie hoch die Ziele gesetzt sind, k\u00f6nnen wir euch auch hierbei so oft dabei begleiten wie gew\u00fcnscht. Das eigentliche Training sollte aber dabei nicht vernachl\u00e4ssigt werden. Es ist also wichtig die richtige Balance zu finden.<\/p>\n<p><a href=\"\/contact-us\/\">&gt;Angebot anfordern<\/a><\/p>\n<p><a href=\"\/prices\/\">&gt;Preisliste<\/a><\/p>\n","protected":false},"excerpt":{"rendered":"<p> \u2026<\/p>\n","protected":false},"author":1,"featured_media":0,"parent":57,"menu_order":2,"comment_status":"closed","ping_status":"closed","template":"","meta":{"footnotes":""},"translation":{"provider":"WPGlobus","version":"2.12.2","language":"de","enabled_languages":["en","de"],"languages":{"en":{"title":true,"content":true,"excerpt":false},"de":{"title":true,"content":true,"excerpt":false}}},"_links":{"self":[{"href":"https:\/\/koerperwerkstattberlin.de\/de\/wp-json\/wp\/v2\/pages\/355"}],"collection":[{"href":"https:\/\/koerperwerkstattberlin.de\/de\/wp-json\/wp\/v2\/pages"}],"about":[{"href":"https:\/\/koerperwerkstattberlin.de\/de\/wp-json\/wp\/v2\/types\/page"}],"author":[{"embeddable":true,"href":"https:\/\/koerperwerkstattberlin.de\/de\/wp-json\/wp\/v2\/users\/1"}],"replies":[{"embeddable":true,"href":"https:\/\/koerperwerkstattberlin.de\/de\/wp-json\/wp\/v2\/comments?post=355"}],"version-history":[{"count":36,"href":"https:\/\/koerperwerkstattberlin.de\/de\/wp-json\/wp\/v2\/pages\/355\/revisions"}],"predecessor-version":[{"id":1897,"href":"https:\/\/koerperwerkstattberlin.de\/de\/wp-json\/wp\/v2\/pages\/355\/revisions\/1897"}],"up":[{"embeddable":true,"href":"https:\/\/koerperwerkstattberlin.de\/de\/wp-json\/wp\/v2\/pages\/57"}],"wp:attachment":[{"href":"https:\/\/koerperwerkstattberlin.de\/de\/wp-json\/wp\/v2\/media?parent=355"}],"curies":[{"name":"wp","href":"https:\/\/api.w.org\/{rel}","templated":true}]}}