{"id":351,"date":"2017-03-08T16:40:41","date_gmt":"2017-03-08T16:40:41","guid":{"rendered":"http:\/\/koerperwerkstattberlin.de\/?page_id=351"},"modified":"2018-03-14T15:24:07","modified_gmt":"2018-03-14T15:24:07","slug":"fitness-programs","status":"publish","type":"page","link":"https:\/\/koerperwerkstattberlin.de\/de\/feel-better\/fitness-programs\/","title":{"rendered":"Fitness-Programme"},"content":{"rendered":"<h4>Personal Training zu Hause<\/h4>\n<p>Ist der Terminkalender noch so voll, sollte unserer Meinung nach trotzdem gen\u00fcgend Zeit f\u00fcr Sport \u00fcbrig bleiben. Deshalb bieten wir unsere Fitnessprogramme bei dir zu Hause an. Du sparst nicht nur Zeit, sondern musst auch keinen Vertrag unterschreiben, geschweige denn irgendwo hinfahren, um Sport zu treiben. Mehr \u00fcber unser <a href=\"\/de\/at-home\/personal-training\/\">&gt;Personal Training<\/a>.<\/p>\n<h4>Firmensport<\/h4>\n<p>Firmen, die wissen wie wichtig Sport am Arbeitsplatz nicht nur f\u00fcr die Gesundheit der Mitarbeiter, sondern auch f\u00fcr das Unternehmen sein kann, k\u00f6nnen unsere Yoga- und\/oder Pilates-Kurse buchen. Diese sind speziell f\u00fcr B\u00fcroarbeiter konzipiert, um langfristige Probleme vorzubeugen. Mehr \u00fcber unseren <a href=\"\/de\/at-work\/office-fitness\/\">&gt;Firmensport<\/a><a href=\"\/de\/at-work\/office-fitness\/\">.<\/a><\/p>\n<h4>Team Fitness<\/h4>\n<p>Sportvereine haben die M\u00f6glichkeit Trainingseinheiten mit unseren Physiotherapeuten und Personal Trainern zu buchen, um die Leistungen ihres Teams zu verbessern. Abh\u00e4ngig davon, welche Sportart betrieben wird und nach welcher Art von Athlet gestrebt wird, sehen die Ziele dementsprechend anders aus. Deshalb bieten wir verschiedene Methoden an, um eure Ziele zu erreichen. Mehr \u00fcber unsere <a href=\"\/de\/at-sport\/proprioceptive-neuromuscular-facilitation-pnf-stretching\/\">&gt;Team Fitness<\/a>.<\/p>\n","protected":false},"excerpt":{"rendered":"<p> \u2026<\/p>\n","protected":false},"author":1,"featured_media":0,"parent":53,"menu_order":0,"comment_status":"closed","ping_status":"closed","template":"","meta":{"footnotes":""},"translation":{"provider":"WPGlobus","version":"2.12.2","language":"de","enabled_languages":["en","de"],"languages":{"en":{"title":true,"content":true,"excerpt":false},"de":{"title":true,"content":true,"excerpt":false}}},"_links":{"self":[{"href":"https:\/\/koerperwerkstattberlin.de\/de\/wp-json\/wp\/v2\/pages\/351"}],"collection":[{"href":"https:\/\/koerperwerkstattberlin.de\/de\/wp-json\/wp\/v2\/pages"}],"about":[{"href":"https:\/\/koerperwerkstattberlin.de\/de\/wp-json\/wp\/v2\/types\/page"}],"author":[{"embeddable":true,"href":"https:\/\/koerperwerkstattberlin.de\/de\/wp-json\/wp\/v2\/users\/1"}],"replies":[{"embeddable":true,"href":"https:\/\/koerperwerkstattberlin.de\/de\/wp-json\/wp\/v2\/comments?post=351"}],"version-history":[{"count":34,"href":"https:\/\/koerperwerkstattberlin.de\/de\/wp-json\/wp\/v2\/pages\/351\/revisions"}],"predecessor-version":[{"id":1885,"href":"https:\/\/koerperwerkstattberlin.de\/de\/wp-json\/wp\/v2\/pages\/351\/revisions\/1885"}],"up":[{"embeddable":true,"href":"https:\/\/koerperwerkstattberlin.de\/de\/wp-json\/wp\/v2\/pages\/53"}],"wp:attachment":[{"href":"https:\/\/koerperwerkstattberlin.de\/de\/wp-json\/wp\/v2\/media?parent=351"}],"curies":[{"name":"wp","href":"https:\/\/api.w.org\/{rel}","templated":true}]}}