{"id":237,"date":"2017-03-07T17:11:59","date_gmt":"2017-03-07T17:11:59","guid":{"rendered":"http:\/\/koerperwerkstattberlin.de\/?page_id=237"},"modified":"2022-09-15T12:56:56","modified_gmt":"2022-09-15T12:56:56","slug":"massage-services","status":"publish","type":"page","link":"https:\/\/koerperwerkstattberlin.de\/de\/feel-better\/massage-services\/","title":{"rendered":"Massage"},"content":{"rendered":"<p>Massagen eignen sich bestens um die k\u00f6rperliche und mentale Gesundheit und das Wohlbefinden auf passive Art und Weise zu verbessern. Oft werden Massagen als eine leichte L\u00f6sung betrachtet, um sich mal schnell &#8222;besser zu f\u00fchlen&#8220;, wenn aber die Realit\u00e4t eine ganz andere ist: Massagen k\u00f6nnen andauernde Vorteile haben und sowohl die k\u00f6rperliche als auch die mentale Leistung verbessern. Jeder K\u00f6rper ist anders und reagiert dementsprechend auch anders auf verschiedene Behandlungen. Das Herzst\u00fcck der K\u00f6rperwerkstatt sind die Massagen, die von unserem Team aus Massageexperten mit verschiedenen Werdeg\u00e4ngen durchgef\u00fchrt werden.<\/p>\n<h4 style=\"text-align: center;\">Unsere Massagearten<\/h4>\n<p style=\"text-align: center;\">\n<div class=\"wc-shortcodes-row wc-shortcodes-item wc-shortcodes-clearfix\">\n<p style=\"text-align: center;\">\n<div class=\"wc-shortcodes-column wc-shortcodes-content wc-shortcodes-one-third wc-shortcodes-column-first \">\n<p style=\"text-align: center;\">Klassische Massage<br \/>\nTiefengewebsmassage<br \/>\nSchwangerschaftsmassage<\/p>\n<p style=\"text-align: center;\"><\/div>\n<\/p>\n<p style=\"text-align: center;\">\n<div class=\"wc-shortcodes-column wc-shortcodes-content wc-shortcodes-one-third wc-shortcodes-column- \">\n<p style=\"text-align: center;\">Sportmassage<br \/>\nReiki<br \/>\nIntuitive Massage<\/p>\n<p style=\"text-align: center;\"><\/div>\n<\/p>\n<p style=\"text-align: center;\">\n<div class=\"wc-shortcodes-column wc-shortcodes-content wc-shortcodes-one-third wc-shortcodes-column-last \">\n<p style=\"text-align: center;\">Medizinische Massage<br \/>\nMassage auf dem Stuhl<br \/>\nAroma\u00f6lmassage<\/p>\n<p style=\"text-align: center;\"><\/div>\n<\/p>\n<p style=\"text-align: center;\"><\/div>\n<\/p>\n<p style=\"text-align: center;\">\t\t<div id=\"serious-slider-31-rnd5456\" class=\"cryout-serious-slider seriousslider serious-slider-31-rnd5456 cryout-serious-slider-31 seriousslider-overlay2 seriousslider-square seriousslider-shadow-none seriousslider-responsive-maintain seriousslider-hidetitles-0 seriousslider-fade seriousslider-sizing1 seriousslider-aligncenter seriousslider-caption-animation-none seriousslider-textstyle-textshadow\" data-ride=\"seriousslider\">\n\t\t\t<div class=\"seriousslider-inner\" role=\"listbox\">\n\n\t\t\t\n\t\t\t<div class=\"item slide-1 active\" role=\"option\">\n\t\t\t\t\t\t\t\t<a  >\n\t\t\t\t\t<img class=\"item-image\" src=\"https:\/\/koerperwerkstattberlin.de\/wp-content\/uploads\/2017\/05\/Institute-for-Therapeutic-Massage-e1515807316871.jpg\" alt=\"Institute-for-Therapeutic-Massage\" width=\"1000\" height=\"450\">\n\t\t\t\t<\/a>\n\t\t\t\t\t\t\t\t\t\t\t\t<div class=\"seriousslider-caption\">\n\t\t\t\t\t<div class=\"seriousslider-caption-inside\">\n\t\t\t\t\t\t<div class=\"seriousslider-caption-title\"><span>Institute-for-Therapeutic-Massage<\/span><\/div>\t\t\t\t\t\t\t\t\t\t\t\t<div class=\"seriousslider-caption-buttons\">\n\t\t\t\t\t\t\t\t\t\t\t\t\t\t\t\t\t\t\t\t\t\t\t\t\t\t\t\t\t\t\t\t\t\t\t\t\t\t\t\t\t\t\t<\/div>\n\t\t\t\t\t<\/div><!--seriousslider-caption-inside-->\n\t\t\t\t<\/div><!--seriousslider-caption-->\n\t\t\t\t\t\t\t\t<div class=\"seriousslider-hloader\"><\/div>\n\t\t\t\t<figure class=\"seriousslider-cloader\">\n\t\t\t\t\t<svg width=\"200\" height=\"200\">\n\t\t\t\t\t\t<circle cx=\"95\" cy=\"95\" r=\"20\" transform=\"rotate(-90, 95, 95)\"\/>\n\t\t\t\t\t<\/svg>\n\t\t\t  <\/figure>\n\t\t\t<\/div>\n\n\t\t\t\n\t\t\t<div class=\"item slide-2 \" role=\"option\">\n\t\t\t\t\t\t\t\t<a  >\n\t\t\t\t\t<img class=\"item-image\" src=\"https:\/\/koerperwerkstattberlin.de\/wp-content\/uploads\/2018\/01\/Adapt_1.jpg\" alt=\"Adapt_1\" width=\"1000\" height=\"450\">\n\t\t\t\t<\/a>\n\t\t\t\t\t\t\t\t\t\t\t\t<div class=\"seriousslider-caption\">\n\t\t\t\t\t<div class=\"seriousslider-caption-inside\">\n\t\t\t\t\t\t<div class=\"seriousslider-caption-title\"><span>Adapt_1<\/span><\/div>\t\t\t\t\t\t\t\t\t\t\t\t<div class=\"seriousslider-caption-buttons\">\n\t\t\t\t\t\t\t\t\t\t\t\t\t\t\t\t\t\t\t\t\t\t\t\t\t\t\t\t\t\t\t\t\t\t\t\t\t\t\t\t\t\t\t<\/div>\n\t\t\t\t\t<\/div><!--seriousslider-caption-inside-->\n\t\t\t\t<\/div><!--seriousslider-caption-->\n\t\t\t\t\t\t\t\t<div class=\"seriousslider-hloader\"><\/div>\n\t\t\t\t<figure class=\"seriousslider-cloader\">\n\t\t\t\t\t<svg width=\"200\" height=\"200\">\n\t\t\t\t\t\t<circle cx=\"95\" cy=\"95\" r=\"20\" transform=\"rotate(-90, 95, 95)\"\/>\n\t\t\t\t\t<\/svg>\n\t\t\t  <\/figure>\n\t\t\t<\/div>\n\n\t\t\t\n\t\t\t<div class=\"item slide-3 \" role=\"option\">\n\t\t\t\t\t\t\t\t<a  >\n\t\t\t\t\t<img class=\"item-image\" src=\"https:\/\/koerperwerkstattberlin.de\/wp-content\/uploads\/2018\/01\/massage-486700_1920.jpg\" alt=\"massage-486700_1920\" width=\"1000\" height=\"450\">\n\t\t\t\t<\/a>\n\t\t\t\t\t\t\t\t\t\t\t\t<div class=\"seriousslider-caption\">\n\t\t\t\t\t<div class=\"seriousslider-caption-inside\">\n\t\t\t\t\t\t<div class=\"seriousslider-caption-title\"><span>massage-486700_1920<\/span><\/div>\t\t\t\t\t\t\t\t\t\t\t\t<div class=\"seriousslider-caption-buttons\">\n\t\t\t\t\t\t\t\t\t\t\t\t\t\t\t\t\t\t\t\t\t\t\t\t\t\t\t\t\t\t\t\t\t\t\t\t\t\t\t\t\t\t\t<\/div>\n\t\t\t\t\t<\/div><!--seriousslider-caption-inside-->\n\t\t\t\t<\/div><!--seriousslider-caption-->\n\t\t\t\t\t\t\t\t<div class=\"seriousslider-hloader\"><\/div>\n\t\t\t\t<figure class=\"seriousslider-cloader\">\n\t\t\t\t\t<svg width=\"200\" height=\"200\">\n\t\t\t\t\t\t<circle cx=\"95\" cy=\"95\" r=\"20\" transform=\"rotate(-90, 95, 95)\"\/>\n\t\t\t\t\t<\/svg>\n\t\t\t  <\/figure>\n\t\t\t<\/div>\n\n\t\t\t\n\t\t\t<div class=\"item slide-4 \" role=\"option\">\n\t\t\t\t\t\t\t\t<a  >\n\t\t\t\t\t<img class=\"item-image\" src=\"https:\/\/koerperwerkstattberlin.de\/wp-content\/uploads\/2018\/01\/pexels-photo-275768.jpeg\" alt=\"pexels-photo-275768\" width=\"1000\" height=\"450\">\n\t\t\t\t<\/a>\n\t\t\t\t\t\t\t\t\t\t\t\t<div class=\"seriousslider-caption\">\n\t\t\t\t\t<div class=\"seriousslider-caption-inside\">\n\t\t\t\t\t\t<div class=\"seriousslider-caption-title\"><span>pexels-photo-275768<\/span><\/div>\t\t\t\t\t\t\t\t\t\t\t\t<div class=\"seriousslider-caption-buttons\">\n\t\t\t\t\t\t\t\t\t\t\t\t\t\t\t\t\t\t\t\t\t\t\t\t\t\t\t\t\t\t\t\t\t\t\t\t\t\t\t\t\t\t\t<\/div>\n\t\t\t\t\t<\/div><!--seriousslider-caption-inside-->\n\t\t\t\t<\/div><!--seriousslider-caption-->\n\t\t\t\t\t\t\t\t<div class=\"seriousslider-hloader\"><\/div>\n\t\t\t\t<figure class=\"seriousslider-cloader\">\n\t\t\t\t\t<svg width=\"200\" height=\"200\">\n\t\t\t\t\t\t<circle cx=\"95\" cy=\"95\" r=\"20\" transform=\"rotate(-90, 95, 95)\"\/>\n\t\t\t\t\t<\/svg>\n\t\t\t  <\/figure>\n\t\t\t<\/div>\n\n\t\t\t\n\t\t\t<div class=\"item slide-5 \" role=\"option\">\n\t\t\t\t\t\t\t\t<a  >\n\t\t\t\t\t<img class=\"item-image\" src=\"https:\/\/koerperwerkstattberlin.de\/wp-content\/uploads\/2018\/01\/wellness-285587_1920.jpg\" alt=\"wellness-285587_1920\" width=\"1000\" height=\"450\">\n\t\t\t\t<\/a>\n\t\t\t\t\t\t\t\t\t\t\t\t<div class=\"seriousslider-caption\">\n\t\t\t\t\t<div class=\"seriousslider-caption-inside\">\n\t\t\t\t\t\t<div class=\"seriousslider-caption-title\"><span>wellness-285587_1920<\/span><\/div>\t\t\t\t\t\t\t\t\t\t\t\t<div class=\"seriousslider-caption-buttons\">\n\t\t\t\t\t\t\t\t\t\t\t\t\t\t\t\t\t\t\t\t\t\t\t\t\t\t\t\t\t\t\t\t\t\t\t\t\t\t\t\t\t\t\t<\/div>\n\t\t\t\t\t<\/div><!--seriousslider-caption-inside-->\n\t\t\t\t<\/div><!--seriousslider-caption-->\n\t\t\t\t\t\t\t\t<div class=\"seriousslider-hloader\"><\/div>\n\t\t\t\t<figure class=\"seriousslider-cloader\">\n\t\t\t\t\t<svg width=\"200\" height=\"200\">\n\t\t\t\t\t\t<circle cx=\"95\" cy=\"95\" r=\"20\" transform=\"rotate(-90, 95, 95)\"\/>\n\t\t\t\t\t<\/svg>\n\t\t\t  <\/figure>\n\t\t\t<\/div>\n\n\t\t\t\n\t\t\t<div class=\"item slide-6 \" role=\"option\">\n\t\t\t\t\t\t\t\t<a  >\n\t\t\t\t\t<img class=\"item-image\" src=\"https:\/\/koerperwerkstattberlin.de\/wp-content\/uploads\/2018\/01\/connective-tissue-2441725_1920.jpg\" alt=\"connective-tissue-2441725_1920\" width=\"1000\" height=\"450\">\n\t\t\t\t<\/a>\n\t\t\t\t\t\t\t\t\t\t\t\t<div class=\"seriousslider-caption\">\n\t\t\t\t\t<div class=\"seriousslider-caption-inside\">\n\t\t\t\t\t\t<div class=\"seriousslider-caption-title\"><span>connective-tissue-2441725_1920<\/span><\/div>\t\t\t\t\t\t\t\t\t\t\t\t<div class=\"seriousslider-caption-buttons\">\n\t\t\t\t\t\t\t\t\t\t\t\t\t\t\t\t\t\t\t\t\t\t\t\t\t\t\t\t\t\t\t\t\t\t\t\t\t\t\t\t\t\t\t<\/div>\n\t\t\t\t\t<\/div><!--seriousslider-caption-inside-->\n\t\t\t\t<\/div><!--seriousslider-caption-->\n\t\t\t\t\t\t\t\t<div class=\"seriousslider-hloader\"><\/div>\n\t\t\t\t<figure class=\"seriousslider-cloader\">\n\t\t\t\t\t<svg width=\"200\" height=\"200\">\n\t\t\t\t\t\t<circle cx=\"95\" cy=\"95\" r=\"20\" transform=\"rotate(-90, 95, 95)\"\/>\n\t\t\t\t\t<\/svg>\n\t\t\t  <\/figure>\n\t\t\t<\/div>\n\n\t\t\t\n\t\t\t<div class=\"item slide-7 \" role=\"option\">\n\t\t\t\t\t\t\t\t<a  >\n\t\t\t\t\t<img class=\"item-image\" src=\"https:\/\/koerperwerkstattberlin.de\/wp-content\/uploads\/2018\/01\/pexels-photo-275812.jpeg\" alt=\"pexels-photo-275812\" width=\"1000\" height=\"450\">\n\t\t\t\t<\/a>\n\t\t\t\t\t\t\t\t\t\t\t\t<div class=\"seriousslider-caption\">\n\t\t\t\t\t<div class=\"seriousslider-caption-inside\">\n\t\t\t\t\t\t<div class=\"seriousslider-caption-title\"><span>pexels-photo-275812<\/span><\/div>\t\t\t\t\t\t\t\t\t\t\t\t<div class=\"seriousslider-caption-buttons\">\n\t\t\t\t\t\t\t\t\t\t\t\t\t\t\t\t\t\t\t\t\t\t\t\t\t\t\t\t\t\t\t\t\t\t\t\t\t\t\t\t\t\t\t<\/div>\n\t\t\t\t\t<\/div><!--seriousslider-caption-inside-->\n\t\t\t\t<\/div><!--seriousslider-caption-->\n\t\t\t\t\t\t\t\t<div class=\"seriousslider-hloader\"><\/div>\n\t\t\t\t<figure class=\"seriousslider-cloader\">\n\t\t\t\t\t<svg width=\"200\" height=\"200\">\n\t\t\t\t\t\t<circle cx=\"95\" cy=\"95\" r=\"20\" transform=\"rotate(-90, 95, 95)\"\/>\n\t\t\t\t\t<\/svg>\n\t\t\t  <\/figure>\n\t\t\t<\/div>\n\n\t\t\t\n\t\t\t<div class=\"item slide-8 \" role=\"option\">\n\t\t\t\t\t\t\t\t<a  >\n\t\t\t\t\t<img class=\"item-image\" src=\"https:\/\/koerperwerkstattberlin.de\/wp-content\/uploads\/2018\/01\/Lollapalooza_2.jpg\" alt=\"Lollapalooza_2\" width=\"1000\" height=\"450\">\n\t\t\t\t<\/a>\n\t\t\t\t\t\t\t\t\t\t\t\t<div class=\"seriousslider-caption\">\n\t\t\t\t\t<div class=\"seriousslider-caption-inside\">\n\t\t\t\t\t\t<div class=\"seriousslider-caption-title\"><span>Lollapalooza_2<\/span><\/div>\t\t\t\t\t\t\t\t\t\t\t\t<div class=\"seriousslider-caption-buttons\">\n\t\t\t\t\t\t\t\t\t\t\t\t\t\t\t\t\t\t\t\t\t\t\t\t\t\t\t\t\t\t\t\t\t\t\t\t\t\t\t\t\t\t\t<\/div>\n\t\t\t\t\t<\/div><!--seriousslider-caption-inside-->\n\t\t\t\t<\/div><!--seriousslider-caption-->\n\t\t\t\t\t\t\t\t<div class=\"seriousslider-hloader\"><\/div>\n\t\t\t\t<figure class=\"seriousslider-cloader\">\n\t\t\t\t\t<svg width=\"200\" height=\"200\">\n\t\t\t\t\t\t<circle cx=\"95\" cy=\"95\" r=\"20\" transform=\"rotate(-90, 95, 95)\"\/>\n\t\t\t\t\t<\/svg>\n\t\t\t  <\/figure>\n\t\t\t<\/div>\n\n\t\t\t\n\t\t\t<div class=\"item slide-9 \" role=\"option\">\n\t\t\t\t\t\t\t\t<a  >\n\t\t\t\t\t<img class=\"item-image\" src=\"https:\/\/koerperwerkstattberlin.de\/wp-content\/uploads\/2018\/01\/P1120971.jpg\" alt=\"P1120971\" width=\"1000\" height=\"450\">\n\t\t\t\t<\/a>\n\t\t\t\t\t\t\t\t\t\t\t\t<div class=\"seriousslider-caption\">\n\t\t\t\t\t<div class=\"seriousslider-caption-inside\">\n\t\t\t\t\t\t<div class=\"seriousslider-caption-title\"><span>P1120971<\/span><\/div>\t\t\t\t\t\t\t\t\t\t\t\t<div class=\"seriousslider-caption-buttons\">\n\t\t\t\t\t\t\t\t\t\t\t\t\t\t\t\t\t\t\t\t\t\t\t\t\t\t\t\t\t\t\t\t\t\t\t\t\t\t\t\t\t\t\t<\/div>\n\t\t\t\t\t<\/div><!--seriousslider-caption-inside-->\n\t\t\t\t<\/div><!--seriousslider-caption-->\n\t\t\t\t\t\t\t\t<div class=\"seriousslider-hloader\"><\/div>\n\t\t\t\t<figure class=\"seriousslider-cloader\">\n\t\t\t\t\t<svg width=\"200\" height=\"200\">\n\t\t\t\t\t\t<circle cx=\"95\" cy=\"95\" r=\"20\" transform=\"rotate(-90, 95, 95)\"\/>\n\t\t\t\t\t<\/svg>\n\t\t\t  <\/figure>\n\t\t\t<\/div>\n\n\t\t\t\t\t\t<\/div>\n\n\t\t\t<div class=\"seriousslider-indicators\">\n\t\t\t\t<ol class=\"seriousslider-indicators-inside\">\n\t\t\t\t\t\t\t\t\t\t<li data-target=\"#serious-slider-31-rnd5456\" data-slide-to=\"0\" class=\"active\"><\/li>\n\t\t\t\t\t\t\t\t\t\t<li data-target=\"#serious-slider-31-rnd5456\" data-slide-to=\"1\" ><\/li>\n\t\t\t\t\t\t\t\t\t\t<li data-target=\"#serious-slider-31-rnd5456\" data-slide-to=\"2\" ><\/li>\n\t\t\t\t\t\t\t\t\t\t<li data-target=\"#serious-slider-31-rnd5456\" data-slide-to=\"3\" ><\/li>\n\t\t\t\t\t\t\t\t\t\t<li data-target=\"#serious-slider-31-rnd5456\" data-slide-to=\"4\" ><\/li>\n\t\t\t\t\t\t\t\t\t\t<li data-target=\"#serious-slider-31-rnd5456\" data-slide-to=\"5\" ><\/li>\n\t\t\t\t\t\t\t\t\t\t<li data-target=\"#serious-slider-31-rnd5456\" data-slide-to=\"6\" ><\/li>\n\t\t\t\t\t\t\t\t\t\t<li data-target=\"#serious-slider-31-rnd5456\" data-slide-to=\"7\" ><\/li>\n\t\t\t\t\t\t\t\t\t\t<li data-target=\"#serious-slider-31-rnd5456\" data-slide-to=\"8\" ><\/li>\n\t\t\t\t\t\t\t\t\t<\/ol>\n\t\t\t<\/div>\n\n\t\t\t<button class=\"left seriousslider-control\" data-target=\"#serious-slider-31-rnd5456\" role=\"button\" data-slide=\"prev\">\n\t\t\t  <span class=\"sicon-prev control-arrow\" aria-hidden=\"true\"><\/span>\n\t\t\t  <span class=\"sr-only\">Previous Slide<\/span>\n\t\t\t<\/button>\n\t\t\t<button class=\"right seriousslider-control\" data-target=\"#serious-slider-31-rnd5456\" role=\"button\" data-slide=\"next\">\n\t\t\t  <span class=\"sicon-next control-arrow\" aria-hidden=\"true\"><\/span>\n\t\t\t  <span class=\"sr-only\">Next Slide<\/span>\n\t\t\t<\/button>\n\t\t<\/div>\n\t\t<\/p>\n<h4>Massagen an unseren Standorten<\/h4>\n<p><strong>Stadtbad Mitte<\/strong><\/p>\n<p>Unser Hauptquartier befindet sich im Herzen Berlins, im denkmalgesch\u00fctzten Geb\u00e4ude, wo sich das Stadtbad Mitte &#8222;James Simon&#8220; befindet. All unsere Dienstleistungen werden hier angeboten.<\/p>\n<h4><a href=\"\/de\/2017\/05\/07\/stadtbad-mitte\/\">&gt;Massage im Stadtbad Mitte<\/a><\/h4>\n<p><strong>Adapt Apartments<\/strong><\/p>\n<p>Sollten Sie ein Gast in den Adapt Apartments sein und eine Massage buchen wollen, geben Sie der Rezeption Bescheid oder kontaktieren Sie uns direkt.<\/p>\n<h4><a href=\"\/de\/2017\/05\/07\/adapt-apartments-adlershof\/\">&gt;Massage im Adapt<\/a><\/h4>\n<p><strong>Dorint Hotel<\/strong><\/p>\n<p>Sollten Sie ein Gast im Dorint Hotel sein und eine Massage buchen wollen, geben Sie der Rezeption Bescheid oder kontaktieren Sie uns direkt.<\/p>\n<h4><a href=\"\/de\/2017\/05\/07\/dorint-hotels\/\">&gt;Massage im Dorint Hotel<\/a><\/h4>\n<h4>Massagen im B\u00fcro<\/h4>\n<p>Gute Unternehmen wissen, dass die wertvollste Ressource die Mitarbeiter und deren Wohlbefinden sind. Das bedeutet, dass die beste Investition, die eine Firma machen kann, eine in die Arbeitskr\u00e4fte und das Arbeitsumfeld ist. Eine m\u00f6gliche Investition in dieser Hinsicht sind unsere B\u00fcromassagen. Mehr \u00fcber unsere<\/p>\n<h4><a href=\"\/de\/at-work\/massage-days\/\">&gt;B\u00fcromassagen<\/a><\/h4>\n<h4>Mobile Massagen<\/h4>\n<p>Sollte das Leben zu sehr in die Quere kommen und andere Verpflichtungen die kostbare Zeit noch weiter einschr\u00e4nken, wollen wir trotzdem, dass Sie in den Genuss unserer Massagen kommen k\u00f6nnen. Deshalb bieten wir unsere mobilen Massagen an. Keine l\u00e4stige Parkplatzsuche, keine langen Wartezeiten. So funktioniert unsere&#8230;<\/p>\n<h4><a href=\"\/de\/at-home\/mobile-massage\/\">&gt;Mobile Massage<\/a><\/h4>\n<h4>Massagen f\u00fcr Sportvereine<\/h4>\n<p>Jeder, der regelm\u00e4\u00dfig Sport treibt, wei\u00df wie ein Muskelkater sich anf\u00fchlt. Sportmassagen, medizinische Massagen und Tiefengewebsmassagen k\u00f6nnen einen starken Einfluss auf die Regenerationszeit haben und die Dauer drastisch senken. Mehr \u00fcber unsere&#8230;<\/p>\n<h4><a href=\"\/de\/at-sport\/sports-massage\/\">&gt;Sportmassage<\/a><\/h4>\n","protected":false},"excerpt":{"rendered":"<p> \u2026<\/p>\n","protected":false},"author":1,"featured_media":0,"parent":53,"menu_order":1,"comment_status":"closed","ping_status":"closed","template":"","meta":{"footnotes":""},"translation":{"provider":"WPGlobus","version":"2.12.2","language":"de","enabled_languages":["en","de"],"languages":{"en":{"title":true,"content":true,"excerpt":false},"de":{"title":true,"content":true,"excerpt":false}}},"_links":{"self":[{"href":"https:\/\/koerperwerkstattberlin.de\/de\/wp-json\/wp\/v2\/pages\/237"}],"collection":[{"href":"https:\/\/koerperwerkstattberlin.de\/de\/wp-json\/wp\/v2\/pages"}],"about":[{"href":"https:\/\/koerperwerkstattberlin.de\/de\/wp-json\/wp\/v2\/types\/page"}],"author":[{"embeddable":true,"href":"https:\/\/koerperwerkstattberlin.de\/de\/wp-json\/wp\/v2\/users\/1"}],"replies":[{"embeddable":true,"href":"https:\/\/koerperwerkstattberlin.de\/de\/wp-json\/wp\/v2\/comments?post=237"}],"version-history":[{"count":170,"href":"https:\/\/koerperwerkstattberlin.de\/de\/wp-json\/wp\/v2\/pages\/237\/revisions"}],"predecessor-version":[{"id":2026,"href":"https:\/\/koerperwerkstattberlin.de\/de\/wp-json\/wp\/v2\/pages\/237\/revisions\/2026"}],"up":[{"embeddable":true,"href":"https:\/\/koerperwerkstattberlin.de\/de\/wp-json\/wp\/v2\/pages\/53"}],"wp:attachment":[{"href":"https:\/\/koerperwerkstattberlin.de\/de\/wp-json\/wp\/v2\/media?parent=237"}],"curies":[{"name":"wp","href":"https:\/\/api.w.org\/{rel}","templated":true}]}}