{"id":235,"date":"2017-03-07T17:11:47","date_gmt":"2017-03-07T17:11:47","guid":{"rendered":"http:\/\/koerperwerkstattberlin.de\/?page_id=235"},"modified":"2018-03-26T20:14:49","modified_gmt":"2018-03-26T20:14:49","slug":"office-fitness","status":"publish","type":"page","link":"https:\/\/koerperwerkstattberlin.de\/de\/at-work\/office-fitness\/","title":{"rendered":"Firmensport"},"content":{"rendered":"<div class=\"wc-shortcodes-row wc-shortcodes-item wc-shortcodes-clearfix\">\n<div class=\"wc-shortcodes-column wc-shortcodes-content wc-shortcodes-two-third wc-shortcodes-column-first \">\n<h4>Yoga<\/h4>\n<p>Yoga ist eine rund 5000 Jahre alte indische Philosophie und Bewegungsart. Sie verbindet K\u00f6rper, Geist und Seele und ist ein Weg sie in ihrer Ganzheit, als Einheit, wahrzunehmen und zu sp\u00fcren. Das Wort \u201cYoga\u201d stammt aus dem Sanskrit und bedeutet \u201cVereinigung bzw. Verbindung\u201d oder einfach \u201cEinheit, Harmonie\u201c. Die positiven Wirkungen von Yoga wurden bereits durch zahlreiche wissenschaftliche Studien belegt. Als Firmensport eignet sich Yoga daher besonders gut, weil nicht viel Platz ben\u00f6tigt wird, dennoch ein effektives Training durchgef\u00fchrt werden kann.<\/p>\n<\/div>\n<div class=\"wc-shortcodes-column wc-shortcodes-content wc-shortcodes-one-third wc-shortcodes-column-last \">\n<p><img decoding=\"async\" loading=\"lazy\" class=\"wp-image-1148 alignnone\" src=\"http:\/\/koerperwerkstattberlin.de\/wp-content\/uploads\/2018\/03\/pexels-photo-892682-300x200.jpeg\" alt=\"Firmensport - Yoga\" width=\"430\" height=\"286\" srcset=\"https:\/\/koerperwerkstattberlin.de\/wp-content\/uploads\/2018\/03\/pexels-photo-892682-300x200.jpeg 300w, https:\/\/koerperwerkstattberlin.de\/wp-content\/uploads\/2018\/03\/pexels-photo-892682-768x512.jpeg 768w, https:\/\/koerperwerkstattberlin.de\/wp-content\/uploads\/2018\/03\/pexels-photo-892682-1024x683.jpeg 1024w, https:\/\/koerperwerkstattberlin.de\/wp-content\/uploads\/2018\/03\/pexels-photo-892682-411x274.jpeg 411w, https:\/\/koerperwerkstattberlin.de\/wp-content\/uploads\/2018\/03\/pexels-photo-892682.jpeg 1732w\" sizes=\"(max-width: 430px) 100vw, 430px\" \/><\/p>\n<\/div>\n<\/div>\n<p>&nbsp;<\/p>\n<h4>Pilates<\/h4>\n<p>Das moderne Pilates-Training ist ganzheitlich orientiert und mit sportmedizinischen und trainingswissenschaftlichen Hintergr\u00fcnden verfeinert. Gleichzeitig wirkt es wohltuend auf K\u00f6rper und Geist. Unser Pilates-Training st\u00e4rkt haupts\u00e4chlich den R\u00fccken, der oftmals am meisten am B\u00fcrojob leidet, kann aber auch nach Ihren W\u00fcnschen variiert werden. Das Ziel sind weniger Beschwerden und ein besseres Wohlbefinden am Arbeitsplatz.<\/p>\n<p>Die maximale Teilnehmerzahl betr\u00e4gt 20 Personen pro Gruppe. Matten und Handt\u00fccher m\u00fcssen Teilnehmer selber mitbringen. Um alles andere k\u00fcmmern wir uns.<\/p>\n<h4>Team-Spazierg\u00e4nge<\/h4>\n<p>Team-Spazierg\u00e4nge sind ein gro\u00dfartiger Weg, um den Kopf\u00a0durch Verlassen des B\u00fcros frei zu bekommen und gleichzeitig Bewegung mit Teamentwicklung zu verbinden. Die Spazierg\u00e4nge k\u00f6nnen 15 bis 60 Minuten andauern. Die Gr\u00f6\u00dfe der Gruppe kann zwischen 2 und 20 Leuten gro\u00df sein. Wie oft die Spazierg\u00e4nge stattfinden sollen, bleibt Ihnen \u00fcberlassen. Mehrere <a href=\"https:\/\/content.iospress.com\/articles\/journal-of-alzheimers-disease\/jad170586\">Studien<\/a> haben bewiesen, dass alleine ein 10-min\u00fctiger Spaziergang die Gehirnfunktion positiv anregen kann. Dies, kombiniert mit Leuten aus dem Team, die miteinander Zeit au\u00dferhalb des B\u00fcros verbringen, resultiert zu einer verbesserten Gesundheit und produktiveren Arbeitsatmosph\u00e4re.<\/p>\n<h4>Firmensport Management<\/h4>\n<p>Stellen Sie sich einen Dienstleister vor, der sich um alle Sachen bzgl. des Firmensports k\u00fcmmert: Angebote an die Mitarbeiter senden, Anmeldelisten rumschicken, ggf. Fragen beantworten, Feedback entgegennehmen, \u00c4nderung vornehmen und vieles mehr. Dies gibt Ihrem Team mehr Zeit f\u00fcr die wichtigeren Sachen in der Firma w\u00e4hrend wir uns um Ihr Wohlbefinden und Ihre Gesundheit k\u00fcmmern. Wir arbeiten nicht mit Vertr\u00e4gen oder dergleichen. Sie geben uns die Randbedingungen und wir finden die besten L\u00f6sungen innerhalb der vorgegebenen Einschr\u00e4nkungen.<\/p>\n<p><a href=\"\/de\/contact-us\/\">&gt;Angebot anfordern<\/a><\/p>\n<p><a href=\"\/de\/prices\/\">&gt;Preisliste<\/a><\/p>\n","protected":false},"excerpt":{"rendered":"<p> \u2026<\/p>\n","protected":false},"author":1,"featured_media":0,"parent":55,"menu_order":2,"comment_status":"closed","ping_status":"closed","template":"","meta":{"footnotes":""},"translation":{"provider":"WPGlobus","version":"2.12.2","language":"de","enabled_languages":["en","de"],"languages":{"en":{"title":true,"content":true,"excerpt":false},"de":{"title":true,"content":true,"excerpt":false}}},"_links":{"self":[{"href":"https:\/\/koerperwerkstattberlin.de\/de\/wp-json\/wp\/v2\/pages\/235"}],"collection":[{"href":"https:\/\/koerperwerkstattberlin.de\/de\/wp-json\/wp\/v2\/pages"}],"about":[{"href":"https:\/\/koerperwerkstattberlin.de\/de\/wp-json\/wp\/v2\/types\/page"}],"author":[{"embeddable":true,"href":"https:\/\/koerperwerkstattberlin.de\/de\/wp-json\/wp\/v2\/users\/1"}],"replies":[{"embeddable":true,"href":"https:\/\/koerperwerkstattberlin.de\/de\/wp-json\/wp\/v2\/comments?post=235"}],"version-history":[{"count":43,"href":"https:\/\/koerperwerkstattberlin.de\/de\/wp-json\/wp\/v2\/pages\/235\/revisions"}],"predecessor-version":[{"id":1937,"href":"https:\/\/koerperwerkstattberlin.de\/de\/wp-json\/wp\/v2\/pages\/235\/revisions\/1937"}],"up":[{"embeddable":true,"href":"https:\/\/koerperwerkstattberlin.de\/de\/wp-json\/wp\/v2\/pages\/55"}],"wp:attachment":[{"href":"https:\/\/koerperwerkstattberlin.de\/de\/wp-json\/wp\/v2\/media?parent=235"}],"curies":[{"name":"wp","href":"https:\/\/api.w.org\/{rel}","templated":true}]}}